{"id":1293,"date":"2019-10-17T14:07:58","date_gmt":"2019-10-17T12:07:58","guid":{"rendered":"http:\/\/evoluscience.fr\/?page_id=1293"},"modified":"2019-10-17T14:09:10","modified_gmt":"2019-10-17T12:09:10","slug":"conclusion-2","status":"publish","type":"page","link":"https:\/\/www.evoluscience.fr\/index.php\/cycle-4\/troisieme-2\/troisieme\/chapitre-3-hygiene-de-vie-et-systeme-immunitaire\/activite-4\/conclusion-2\/","title":{"rendered":"Conclusion"},"content":{"rendered":"\n<div class=\"wp-block-themeisle-blocks-advanced-columns has-1-columns has-desktop-equal-layout has-tablet-equal-layout has-mobile-equal-layout has-default-gap has-vertical-unset\" id=\"wp-block-themeisle-blocks-advanced-columns-54ef4049\" style=\"border-width:0px;border-style:solid;border-color:#000000;border-radius:0px;justify-content:unset\"><div class=\"wp-themeisle-block-overlay\" style=\"opacity:0.5;mix-blend-mode:normal\"><\/div><div class=\"innerblocks-wrap\">\n<div class=\"wp-block-themeisle-blocks-advanced-column\" id=\"wp-block-themeisle-blocks-advanced-column-87ea342d\" style=\"border-width:0px;border-style:solid;border-color:#000000;border-radius:0px\">\n<p class=\"has-text-color has-drop-cap has-vivid-red-color\">D\u2019autres\nleucocytes, des lymphocytes sp\u00e9cifiques d\u2019un antig\u00e8ne reconnu se multiplient\nrapidement dans certains organes, particuli\u00e8rement les ganglions lymphatiques.<\/p>\n\n\n\n<p class=\"has-text-color has-vivid-red-color\">Les\nlymphocytes B s\u00e9cr\u00e8tent dans le sang des mol\u00e9cules nomm\u00e9es anticorps, capables\nde participer \u00e0 la neutralisation des microorganismes et de favoriser la\nphagocytose.<\/p>\n\n\n\n<p class=\"has-text-color has-vivid-red-color\">Une personne est dite s\u00e9ropositive pour un\nanticorps d\u00e9termin\u00e9 lorsqu\u2019elle pr\u00e9sente cet anticorps dans son sang.<\/p>\n\n\n\n<p class=\"has-text-color has-luminous-vivid-orange-color\"><strong>Anticorps <\/strong>= mol\u00e9cule en forme de Y produite par les lymphocytes qui\nse fixe sur les antig\u00e8nes, les neutralisent et facilitent la phagocytose<\/p>\n\n\n\n<p class=\"has-text-color has-luminous-vivid-orange-color\"><strong>Antig\u00e8ne<\/strong> = mol\u00e9cule qui est reconnue comme \u00e9trang\u00e8re par\nl\u2019organisme et qui d\u00e9clenche une r\u00e9action de d\u00e9fense. Les antig\u00e8nes sont port\u00e9s\npar les microbes.<\/p>\n<\/div>\n<\/div><\/div>\n","protected":false},"excerpt":{"rendered":"","protected":false},"author":1,"featured_media":0,"parent":1292,"menu_order":0,"comment_status":"closed","ping_status":"closed","template":"","meta":{"_monsterinsights_skip_tracking":false,"_monsterinsights_sitenote_active":false,"_monsterinsights_sitenote_note":"","_monsterinsights_sitenote_category":0,"_themeisle_gutenberg_block_has_review":false,"footnotes":""},"class_list":["post-1293","page","type-page","status-publish","hentry"],"_links":{"self":[{"href":"https:\/\/www.evoluscience.fr\/index.php\/wp-json\/wp\/v2\/pages\/1293","targetHints":{"allow":["GET"]}}],"collection":[{"href":"https:\/\/www.evoluscience.fr\/index.php\/wp-json\/wp\/v2\/pages"}],"about":[{"href":"https:\/\/www.evoluscience.fr\/index.php\/wp-json\/wp\/v2\/types\/page"}],"author":[{"embeddable":true,"href":"https:\/\/www.evoluscience.fr\/index.php\/wp-json\/wp\/v2\/users\/1"}],"replies":[{"embeddable":true,"href":"https:\/\/www.evoluscience.fr\/index.php\/wp-json\/wp\/v2\/comments?post=1293"}],"version-history":[{"count":0,"href":"https:\/\/www.evoluscience.fr\/index.php\/wp-json\/wp\/v2\/pages\/1293\/revisions"}],"up":[{"embeddable":true,"href":"https:\/\/www.evoluscience.fr\/index.php\/wp-json\/wp\/v2\/pages\/1292"}],"wp:attachment":[{"href":"https:\/\/www.evoluscience.fr\/index.php\/wp-json\/wp\/v2\/media?parent=1293"}],"curies":[{"name":"wp","href":"https:\/\/api.w.org\/{rel}","templated":true}]}}