{"id":12901,"date":"2025-11-17T11:34:53","date_gmt":"2025-11-17T10:34:53","guid":{"rendered":"https:\/\/www.evoluscience.fr\/?page_id=12901"},"modified":"2025-11-26T16:54:40","modified_gmt":"2025-11-26T15:54:40","slug":"devoir","status":"publish","type":"page","link":"https:\/\/www.evoluscience.fr\/index.php\/sixieme\/partie-1\/chapitre-3-les-etres-vivants-dans-la-chaine-alimentaire\/activite-5\/devoir\/","title":{"rendered":"Devoir"},"content":{"rendered":"<div id=\"modal-ready\">\n<p>Fin du chapitre donc \u00e9valuation pour le prochain cours <\/p>\n\n\n\n<p>+<\/p>\n\n\n\n<p>V\u00e9rifier que la fiche-chapitre est compl\u00e9t\u00e9e.<\/p>\n\n\n\n<p>+<\/p>\n\n\n\n<p>V\u00e9rifier que le cours est su.<\/p>\n\n\n\n<figure class=\"wp-block-embed is-type-wp-embed is-provider-contenu-embarqu wp-block-embed-contenu-embarqu\"><div class=\"wp-block-embed__wrapper\">\n<blockquote class=\"wp-embedded-content\" data-secret=\"kxFgpQtp7Z\"><a href=\"https:\/\/www.evoluscience.fr\/index.php\/2025\/11\/26\/quiz-6e-les-etres-vivants-dans-la-chaine-alimentaire\/\">Quiz 6e &#8211; Les \u00eatres vivants dans la cha\u00eene alimentaire<\/a><\/blockquote><iframe loading=\"lazy\" class=\"wp-embedded-content\" sandbox=\"allow-scripts\" security=\"restricted\" style=\"position: absolute; visibility: hidden;\" title=\"\u00ab\u00a0Quiz 6e &#8211; Les \u00eatres vivants dans la cha\u00eene alimentaire\u00a0\u00bb &#8212; \" src=\"https:\/\/www.evoluscience.fr\/index.php\/2025\/11\/26\/quiz-6e-les-etres-vivants-dans-la-chaine-alimentaire\/embed\/#?secret=FXAqEvMKsP#?secret=kxFgpQtp7Z\" data-secret=\"kxFgpQtp7Z\" width=\"600\" height=\"338\" frameborder=\"0\" marginwidth=\"0\" marginheight=\"0\" scrolling=\"no\"><\/iframe>\n<\/div><\/figure>\n<\/div>","protected":false},"excerpt":{"rendered":"<p>Fin du chapitre donc \u00e9valuation pour le prochain cours + V\u00e9rifier que la fiche-chapitre est compl\u00e9t\u00e9e. + V\u00e9rifier que le cours est su.<\/p>\n","protected":false},"author":1,"featured_media":0,"parent":12893,"menu_order":2,"comment_status":"closed","ping_status":"closed","template":"","meta":{"om_disable_all_campaigns":false,"_monsterinsights_skip_tracking":false,"_monsterinsights_sitenote_active":false,"_monsterinsights_sitenote_note":"","_monsterinsights_sitenote_category":0,"_themeisle_gutenberg_block_has_review":false,"footnotes":""},"c2tw_page_folder":[],"class_list":["post-12901","page","type-page","status-publish","hentry"],"aioseo_notices":[],"_links":{"self":[{"href":"https:\/\/www.evoluscience.fr\/index.php\/wp-json\/wp\/v2\/pages\/12901","targetHints":{"allow":["GET"]}}],"collection":[{"href":"https:\/\/www.evoluscience.fr\/index.php\/wp-json\/wp\/v2\/pages"}],"about":[{"href":"https:\/\/www.evoluscience.fr\/index.php\/wp-json\/wp\/v2\/types\/page"}],"author":[{"embeddable":true,"href":"https:\/\/www.evoluscience.fr\/index.php\/wp-json\/wp\/v2\/users\/1"}],"replies":[{"embeddable":true,"href":"https:\/\/www.evoluscience.fr\/index.php\/wp-json\/wp\/v2\/comments?post=12901"}],"version-history":[{"count":0,"href":"https:\/\/www.evoluscience.fr\/index.php\/wp-json\/wp\/v2\/pages\/12901\/revisions"}],"up":[{"embeddable":true,"href":"https:\/\/www.evoluscience.fr\/index.php\/wp-json\/wp\/v2\/pages\/12893"}],"wp:attachment":[{"href":"https:\/\/www.evoluscience.fr\/index.php\/wp-json\/wp\/v2\/media?parent=12901"}],"wp:term":[{"taxonomy":"c2tw_page_folder","embeddable":true,"href":"https:\/\/www.evoluscience.fr\/index.php\/wp-json\/wp\/v2\/c2tw_page_folder?post=12901"}],"curies":[{"name":"wp","href":"https:\/\/api.w.org\/{rel}","templated":true}]}}