{"id":12885,"date":"2025-11-17T11:16:15","date_gmt":"2025-11-17T10:16:15","guid":{"rendered":"https:\/\/www.evoluscience.fr\/?page_id=12885"},"modified":"2025-11-26T16:40:10","modified_gmt":"2025-11-26T15:40:10","slug":"conclusion","status":"publish","type":"page","link":"https:\/\/www.evoluscience.fr\/index.php\/sixieme\/partie-1\/chapitre-3-les-etres-vivants-dans-la-chaine-alimentaire\/activite-4\/conclusion\/","title":{"rendered":"Conclusion"},"content":{"rendered":"<div id=\"modal-ready\">\n<p class=\"has-drop-cap has-vivid-red-color has-text-color has-link-color wp-elements-5fa43d087bb369e9c9813dc984d6232f\">La cha\u00eene alimentaire va assurer la circulation de la mati\u00e8re entre les divers organismes de l\u2019\u00e9cosyst\u00e8me.<\/p>\n\n\n\n<p class=\"has-vivid-red-color has-text-color has-link-color wp-elements-5640a092760e76490b39541727ac4373\">L\u2019\u00e9cosyst\u00e8me est l\u2019ensemble des organismes vivants qui interagissent avec leur environnement et entre eux.<\/p>\n\n\n\n<p class=\"has-vivid-red-color has-text-color has-link-color wp-elements-35cdd281e75e05fc18c821a1cb4d17c0\">Les producteurs sont \u00e0 la base de la chaine alimentaire&nbsp;: les v\u00e9g\u00e9taux produisent leur propre mati\u00e8re.<\/p>\n\n\n\n<p class=\"has-vivid-red-color has-text-color has-link-color wp-elements-5a4a74a542a6ebccd2825e081cf84e47\">Les consommateurs cr\u00e9ent leur mati\u00e8re en se nourrissant d\u2019autres \u00eatres vivants.<\/p>\n\n\n\n<p class=\"has-vivid-red-color has-text-color has-link-color wp-elements-c9365267f914bd71ea50e5e539e3962b\"><\/p>\n\n\n\n<div style=\"height:100px\" aria-hidden=\"true\" class=\"wp-block-spacer\"><\/div>\n\n\n\n<figure class=\"wp-block-image size-large\"><img loading=\"lazy\" decoding=\"async\" width=\"1024\" height=\"658\" src=\"https:\/\/www.evoluscience.fr\/wp-content\/uploads\/2025\/11\/image-7-1024x658.png\" alt=\"\" class=\"wp-image-12888\" srcset=\"https:\/\/www.evoluscience.fr\/wp-content\/uploads\/2025\/11\/image-7-1024x658.png 1024w, https:\/\/www.evoluscience.fr\/wp-content\/uploads\/2025\/11\/image-7-300x193.png 300w, https:\/\/www.evoluscience.fr\/wp-content\/uploads\/2025\/11\/image-7-768x494.png 768w, https:\/\/www.evoluscience.fr\/wp-content\/uploads\/2025\/11\/image-7-520x334.png 520w, https:\/\/www.evoluscience.fr\/wp-content\/uploads\/2025\/11\/image-7-740x476.png 740w, https:\/\/www.evoluscience.fr\/wp-content\/uploads\/2025\/11\/image-7.png 1045w\" sizes=\"auto, (max-width: 1024px) 100vw, 1024px\" \/><\/figure>\n\n\n\n<p><\/p>\n\n\n\n<p><\/p>\n<\/div>","protected":false},"excerpt":{"rendered":"<p>La cha\u00eene alimentaire va assurer la circulation de la mati\u00e8re entre les divers organismes de l\u2019\u00e9cosyst\u00e8me. L\u2019\u00e9cosyst\u00e8me est l\u2019ensemble des organismes vivants qui interagissent avec leur environnement et entre eux. Les producteurs sont \u00e0 la<a class=\"read-more\" href=\"https:\/\/www.evoluscience.fr\/index.php\/sixieme\/partie-1\/chapitre-3-les-etres-vivants-dans-la-chaine-alimentaire\/activite-4\/conclusion\/\">Continue reading<\/a><\/p>\n","protected":false},"author":1,"featured_media":0,"parent":12878,"menu_order":1,"comment_status":"closed","ping_status":"closed","template":"","meta":{"om_disable_all_campaigns":false,"_monsterinsights_skip_tracking":false,"_monsterinsights_sitenote_active":false,"_monsterinsights_sitenote_note":"","_monsterinsights_sitenote_category":0,"_themeisle_gutenberg_block_has_review":false,"footnotes":""},"c2tw_page_folder":[],"class_list":["post-12885","page","type-page","status-publish","hentry"],"aioseo_notices":[],"_links":{"self":[{"href":"https:\/\/www.evoluscience.fr\/index.php\/wp-json\/wp\/v2\/pages\/12885","targetHints":{"allow":["GET"]}}],"collection":[{"href":"https:\/\/www.evoluscience.fr\/index.php\/wp-json\/wp\/v2\/pages"}],"about":[{"href":"https:\/\/www.evoluscience.fr\/index.php\/wp-json\/wp\/v2\/types\/page"}],"author":[{"embeddable":true,"href":"https:\/\/www.evoluscience.fr\/index.php\/wp-json\/wp\/v2\/users\/1"}],"replies":[{"embeddable":true,"href":"https:\/\/www.evoluscience.fr\/index.php\/wp-json\/wp\/v2\/comments?post=12885"}],"version-history":[{"count":0,"href":"https:\/\/www.evoluscience.fr\/index.php\/wp-json\/wp\/v2\/pages\/12885\/revisions"}],"up":[{"embeddable":true,"href":"https:\/\/www.evoluscience.fr\/index.php\/wp-json\/wp\/v2\/pages\/12878"}],"wp:attachment":[{"href":"https:\/\/www.evoluscience.fr\/index.php\/wp-json\/wp\/v2\/media?parent=12885"}],"wp:term":[{"taxonomy":"c2tw_page_folder","embeddable":true,"href":"https:\/\/www.evoluscience.fr\/index.php\/wp-json\/wp\/v2\/c2tw_page_folder?post=12885"}],"curies":[{"name":"wp","href":"https:\/\/api.w.org\/{rel}","templated":true}]}}