{"id":12868,"date":"2025-11-17T10:54:04","date_gmt":"2025-11-17T09:54:04","guid":{"rendered":"https:\/\/www.evoluscience.fr\/?page_id=12868"},"modified":"2025-11-17T11:09:41","modified_gmt":"2025-11-17T10:09:41","slug":"activite-3","status":"publish","type":"page","link":"https:\/\/www.evoluscience.fr\/index.php\/sixieme\/partie-1\/chapitre-3-les-etres-vivants-dans-la-chaine-alimentaire\/activite-3\/","title":{"rendered":"Activit\u00e9 3"},"content":{"rendered":"<div id=\"modal-ready\">\n<p class=\"has-vivid-green-cyan-color has-text-color has-link-color wp-elements-5361451a8590523b8fac0b02bcefcffe\">Comment \u00e9volue la croissance d\u2019une plante ?<\/p>\n\n\n\n<div style=\"height:45px\" aria-hidden=\"true\" class=\"wp-block-spacer\"><\/div>\n\n\n\n<p class=\"has-background\" style=\"background-color:#fdb989\">Activit\u00e9 3&nbsp;: Etude de la croissance d\u2019une plante<\/p>\n\n\n\n<div style=\"height:28px\" aria-hidden=\"true\" class=\"wp-block-spacer\"><\/div>\n\n\n\n<p><em>Comp\u00e9tences travaill\u00e9es&nbsp;:<\/em><\/p>\n\n\n\n<ul class=\"wp-block-list\">\n<li><em>Lire un tableau<\/em><\/li>\n<\/ul>\n\n\n\n<ul class=\"wp-block-list\">\n<li><em>R\u00e9aliser un graphique<\/em><\/li>\n<\/ul>\n\n\n\n<div style=\"height:100px\" aria-hidden=\"true\" class=\"wp-block-spacer\"><\/div>\n\n\n\n<p><\/p>\n\n\n\n<p>A partir du tableau de mesure de la croissance du cresson des fontaines, r\u00e9aliser un graphique repr\u00e9sentant la taille du cresson en fonction du temps.<\/p>\n\n\n\n<figure class=\"wp-block-image size-full\"><img loading=\"lazy\" decoding=\"async\" width=\"752\" height=\"319\" src=\"https:\/\/www.evoluscience.fr\/wp-content\/uploads\/2025\/11\/image-6.png\" alt=\"\" class=\"wp-image-12869\" srcset=\"https:\/\/www.evoluscience.fr\/wp-content\/uploads\/2025\/11\/image-6.png 752w, https:\/\/www.evoluscience.fr\/wp-content\/uploads\/2025\/11\/image-6-300x127.png 300w, https:\/\/www.evoluscience.fr\/wp-content\/uploads\/2025\/11\/image-6-520x221.png 520w, https:\/\/www.evoluscience.fr\/wp-content\/uploads\/2025\/11\/image-6-740x314.png 740w\" sizes=\"auto, (max-width: 752px) 100vw, 752px\" \/><\/figure>\n\n\n\n<p class=\"has-small-font-size\">Source : https:\/\/www.vivelessvt.com\/college\/6eme\/les-etres-vivants-produisent-de-la-matiere\/attachment\/cresson\/<\/p>\n\n\n\n<div style=\"height:100px\" aria-hidden=\"true\" class=\"wp-block-spacer\"><\/div>\n\n\n\n<p>Des aides m\u00e9thodologiques (aussi donn\u00e9es en classe) :<\/p>\n\n\n\n<figure class=\"wp-block-embed is-type-wp-embed is-provider-contenu-embarqu wp-block-embed-contenu-embarqu\"><div class=\"wp-block-embed__wrapper\">\n<blockquote class=\"wp-embedded-content\" data-secret=\"K9owUia7JS\"><a href=\"https:\/\/www.evoluscience.fr\/index.php\/methodologie\/fiches-methodologiques\/exploiter-un-tableau\/\">Exploiter un tableau<\/a><\/blockquote><iframe loading=\"lazy\" class=\"wp-embedded-content\" sandbox=\"allow-scripts\" security=\"restricted\" style=\"position: absolute; visibility: hidden;\" title=\"\u00ab\u00a0Exploiter un tableau\u00a0\u00bb &#8212; \" src=\"https:\/\/www.evoluscience.fr\/index.php\/methodologie\/fiches-methodologiques\/exploiter-un-tableau\/embed\/#?secret=6Ht4XEptRy#?secret=K9owUia7JS\" data-secret=\"K9owUia7JS\" width=\"600\" height=\"338\" frameborder=\"0\" marginwidth=\"0\" marginheight=\"0\" scrolling=\"no\"><\/iframe>\n<\/div><\/figure>\n\n\n\n<figure class=\"wp-block-embed is-type-wp-embed is-provider-contenu-embarqu wp-block-embed-contenu-embarqu\"><div class=\"wp-block-embed__wrapper\">\n<blockquote class=\"wp-embedded-content\" data-secret=\"kYpHPFD3sK\"><a href=\"https:\/\/www.evoluscience.fr\/index.php\/methodologie\/fiches-methodologiques\/construire-un-graphique\/\">Construire un graphique<\/a><\/blockquote><iframe loading=\"lazy\" class=\"wp-embedded-content\" sandbox=\"allow-scripts\" security=\"restricted\" style=\"position: absolute; visibility: hidden;\" title=\"\u00ab\u00a0Construire un graphique\u00a0\u00bb &#8212; \" src=\"https:\/\/www.evoluscience.fr\/index.php\/methodologie\/fiches-methodologiques\/construire-un-graphique\/embed\/#?secret=mACgnt23X8#?secret=kYpHPFD3sK\" data-secret=\"kYpHPFD3sK\" width=\"600\" height=\"338\" frameborder=\"0\" marginwidth=\"0\" marginheight=\"0\" scrolling=\"no\"><\/iframe>\n<\/div><\/figure>\n\n\n\n<div style=\"height:100px\" aria-hidden=\"true\" class=\"wp-block-spacer\"><\/div>\n\n\n<div class=\"wp-block-image\">\n<figure class=\"aligncenter size-full is-resized\"><a href=\"https:\/\/www.evoluscience.fr\/index.php\/sixieme\/partie-1\/chapitre-3-les-etres-vivants-dans-la-chaine-alimentaire\/activite-3\/conclusion\/\" target=\"_blank\" rel=\" noreferrer noopener\"><img loading=\"lazy\" decoding=\"async\" width=\"538\" height=\"538\" src=\"https:\/\/www.evoluscience.fr\/wp-content\/uploads\/2019\/09\/conclusion.png\" alt=\"\" class=\"wp-image-370\" style=\"width:410px;height:auto\" srcset=\"https:\/\/www.evoluscience.fr\/wp-content\/uploads\/2019\/09\/conclusion.png 538w, https:\/\/www.evoluscience.fr\/wp-content\/uploads\/2019\/09\/conclusion-150x150.png 150w, https:\/\/www.evoluscience.fr\/wp-content\/uploads\/2019\/09\/conclusion-300x300.png 300w, https:\/\/www.evoluscience.fr\/wp-content\/uploads\/2019\/09\/conclusion-520x520.png 520w\" sizes=\"auto, (max-width: 538px) 100vw, 538px\" \/><\/a><\/figure>\n<\/div>\n\n<div class=\"wp-block-image\">\n<figure class=\"aligncenter size-full is-resized\"><a href=\"https:\/\/www.evoluscience.fr\/wp-content\/uploads\/2025\/11\/6-P1-Chp3Act3-FC.pdf\" target=\"_blank\" rel=\" noreferrer noopener\"><img loading=\"lazy\" decoding=\"async\" width=\"735\" height=\"735\" src=\"https:\/\/www.evoluscience.fr\/wp-content\/uploads\/2020\/03\/pjiece_jointe-1.png\" alt=\"\" class=\"wp-image-4366\" style=\"width:409px;height:auto\" srcset=\"https:\/\/www.evoluscience.fr\/wp-content\/uploads\/2020\/03\/pjiece_jointe-1.png 735w, https:\/\/www.evoluscience.fr\/wp-content\/uploads\/2020\/03\/pjiece_jointe-1-300x300.png 300w, https:\/\/www.evoluscience.fr\/wp-content\/uploads\/2020\/03\/pjiece_jointe-1-150x150.png 150w, https:\/\/www.evoluscience.fr\/wp-content\/uploads\/2020\/03\/pjiece_jointe-1-520x520.png 520w\" sizes=\"auto, (max-width: 735px) 100vw, 735px\" \/><\/a><\/figure>\n<\/div>\n\n\n<p><\/p>\n<\/div>","protected":false},"excerpt":{"rendered":"<p>Comment \u00e9volue la croissance d\u2019une plante ? Activit\u00e9 3&nbsp;: Etude de la croissance d\u2019une plante Comp\u00e9tences travaill\u00e9es&nbsp;: A partir du tableau de mesure de la croissance du cresson des fontaines, r\u00e9aliser un graphique repr\u00e9sentant la<a class=\"read-more\" href=\"https:\/\/www.evoluscience.fr\/index.php\/sixieme\/partie-1\/chapitre-3-les-etres-vivants-dans-la-chaine-alimentaire\/activite-3\/\">Continue reading<\/a><\/p>\n","protected":false},"author":1,"featured_media":0,"parent":12842,"menu_order":3,"comment_status":"closed","ping_status":"closed","template":"","meta":{"om_disable_all_campaigns":false,"_monsterinsights_skip_tracking":false,"_monsterinsights_sitenote_active":false,"_monsterinsights_sitenote_note":"","_monsterinsights_sitenote_category":0,"_themeisle_gutenberg_block_has_review":false,"footnotes":""},"c2tw_page_folder":[],"class_list":["post-12868","page","type-page","status-publish","hentry"],"aioseo_notices":[],"_links":{"self":[{"href":"https:\/\/www.evoluscience.fr\/index.php\/wp-json\/wp\/v2\/pages\/12868","targetHints":{"allow":["GET"]}}],"collection":[{"href":"https:\/\/www.evoluscience.fr\/index.php\/wp-json\/wp\/v2\/pages"}],"about":[{"href":"https:\/\/www.evoluscience.fr\/index.php\/wp-json\/wp\/v2\/types\/page"}],"author":[{"embeddable":true,"href":"https:\/\/www.evoluscience.fr\/index.php\/wp-json\/wp\/v2\/users\/1"}],"replies":[{"embeddable":true,"href":"https:\/\/www.evoluscience.fr\/index.php\/wp-json\/wp\/v2\/comments?post=12868"}],"version-history":[{"count":0,"href":"https:\/\/www.evoluscience.fr\/index.php\/wp-json\/wp\/v2\/pages\/12868\/revisions"}],"up":[{"embeddable":true,"href":"https:\/\/www.evoluscience.fr\/index.php\/wp-json\/wp\/v2\/pages\/12842"}],"wp:attachment":[{"href":"https:\/\/www.evoluscience.fr\/index.php\/wp-json\/wp\/v2\/media?parent=12868"}],"wp:term":[{"taxonomy":"c2tw_page_folder","embeddable":true,"href":"https:\/\/www.evoluscience.fr\/index.php\/wp-json\/wp\/v2\/c2tw_page_folder?post=12868"}],"curies":[{"name":"wp","href":"https:\/\/api.w.org\/{rel}","templated":true}]}}