{"id":12860,"date":"2025-11-17T10:35:58","date_gmt":"2025-11-17T09:35:58","guid":{"rendered":"https:\/\/www.evoluscience.fr\/?page_id=12860"},"modified":"2025-11-17T10:41:17","modified_gmt":"2025-11-17T09:41:17","slug":"activite-2","status":"publish","type":"page","link":"https:\/\/www.evoluscience.fr\/index.php\/sixieme\/partie-1\/chapitre-3-les-etres-vivants-dans-la-chaine-alimentaire\/activite-2\/","title":{"rendered":"Activit\u00e9 2"},"content":{"rendered":"<div id=\"modal-ready\">\n<p class=\"has-vivid-green-cyan-color has-text-color has-link-color wp-elements-4ef21591ecc95ee950be2bf3217eb12e\">Comment les v\u00e9g\u00e9taux produisent-ils de la mati\u00e8re&nbsp;?<\/p>\n\n\n\n<div style=\"height:33px\" aria-hidden=\"true\" class=\"wp-block-spacer\"><\/div>\n\n\n\n<p class=\"has-background\" style=\"background-color:#fdba8a\">Activit\u00e9 2&nbsp;: Etude des r\u00e9sultats d\u2019exp\u00e9rience pour comprendre la production de mati\u00e8re par les v\u00e9g\u00e9taux<\/p>\n\n\n\n<div style=\"height:40px\" aria-hidden=\"true\" class=\"wp-block-spacer\"><\/div>\n\n\n\n<p><em>Comp\u00e9tences travaill\u00e9es&nbsp;:<\/em><\/p>\n\n\n\n<ul class=\"wp-block-list\">\n<li><em>D\u00e9velopper la d\u00e9marche scientifique<\/em><\/li>\n<\/ul>\n\n\n\n<ul class=\"wp-block-list\">\n<li><em>Utiliser une mod\u00e9lisation num\u00e9rique<\/em><\/li>\n<\/ul>\n\n\n\n<div style=\"height:100px\" aria-hidden=\"true\" class=\"wp-block-spacer\"><\/div>\n\n\n\n<p>R\u00e9alise des hypoth\u00e8ses concernant les besoins des plantes pour se d\u00e9velopper et \u00e9cris-les sur ton cahier.<\/p>\n\n\n\n<div style=\"height:38px\" aria-hidden=\"true\" class=\"wp-block-spacer\"><\/div>\n\n\n\n<p>Nous allons essayer de v\u00e9rifier ces hypoth\u00e8ses \u00e0 l&rsquo;aide du logiciel en ligne \u00ab&nbsp;Les besoins des plantes vertes&nbsp;\u00bb. Au fur et \u00e0 mesure, \u00e9cris si l&rsquo;hypoth\u00e8se est valid\u00e9e ou non.<\/p>\n\n\n\n<div style=\"height:43px\" aria-hidden=\"true\" class=\"wp-block-spacer\"><\/div>\n\n\n\n<p>A partir du logiciel en ligne \u00ab&nbsp;Les besoins des plantes vertes&nbsp;\u00bb, d\u00e9terminer les \u00e9l\u00e9ments dont ont besoin les angiospermes (= plantes vertes) pour grandir.<\/p>\n\n\n\n<p>Clique sur ce lien : <a href=\"https:\/\/www.svtanim.fr\/besoins_plantes.htm\">https:\/\/www.svtanim.fr\/besoins_plantes.htm<\/a><\/p>\n\n\n\n<div style=\"height:100px\" aria-hidden=\"true\" class=\"wp-block-spacer\"><\/div>\n\n\n<div class=\"wp-block-image\">\n<figure class=\"aligncenter size-full is-resized\"><a href=\"https:\/\/www.evoluscience.fr\/index.php\/sixieme\/partie-1\/chapitre-3-les-etres-vivants-dans-la-chaine-alimentaire\/activite-2\/conclusion\/\" target=\"_blank\" rel=\" noreferrer noopener\"><img loading=\"lazy\" decoding=\"async\" width=\"538\" height=\"538\" src=\"https:\/\/www.evoluscience.fr\/wp-content\/uploads\/2019\/09\/conclusion.png\" alt=\"\" class=\"wp-image-370\" style=\"width:398px;height:auto\" srcset=\"https:\/\/www.evoluscience.fr\/wp-content\/uploads\/2019\/09\/conclusion.png 538w, https:\/\/www.evoluscience.fr\/wp-content\/uploads\/2019\/09\/conclusion-150x150.png 150w, https:\/\/www.evoluscience.fr\/wp-content\/uploads\/2019\/09\/conclusion-300x300.png 300w, https:\/\/www.evoluscience.fr\/wp-content\/uploads\/2019\/09\/conclusion-520x520.png 520w\" sizes=\"auto, (max-width: 538px) 100vw, 538px\" \/><\/a><\/figure>\n<\/div>\n\n<div class=\"wp-block-image\">\n<figure class=\"aligncenter size-full is-resized\"><a href=\"https:\/\/www.evoluscience.fr\/wp-content\/uploads\/2025\/11\/6-P1-Chp3Act2-FC.pdf\" target=\"_blank\" rel=\" noreferrer noopener\"><img loading=\"lazy\" decoding=\"async\" width=\"735\" height=\"735\" src=\"https:\/\/www.evoluscience.fr\/wp-content\/uploads\/2020\/03\/pjiece_jointe-1.png\" alt=\"\" class=\"wp-image-4366\" style=\"width:405px;height:auto\" srcset=\"https:\/\/www.evoluscience.fr\/wp-content\/uploads\/2020\/03\/pjiece_jointe-1.png 735w, https:\/\/www.evoluscience.fr\/wp-content\/uploads\/2020\/03\/pjiece_jointe-1-300x300.png 300w, https:\/\/www.evoluscience.fr\/wp-content\/uploads\/2020\/03\/pjiece_jointe-1-150x150.png 150w, https:\/\/www.evoluscience.fr\/wp-content\/uploads\/2020\/03\/pjiece_jointe-1-520x520.png 520w\" sizes=\"auto, (max-width: 735px) 100vw, 735px\" \/><\/a><\/figure>\n<\/div>\n\n\n<p><\/p>\n\n\n\n<p><\/p>\n<\/div>","protected":false},"excerpt":{"rendered":"<p>Comment les v\u00e9g\u00e9taux produisent-ils de la mati\u00e8re&nbsp;? Activit\u00e9 2&nbsp;: Etude des r\u00e9sultats d\u2019exp\u00e9rience pour comprendre la production de mati\u00e8re par les v\u00e9g\u00e9taux Comp\u00e9tences travaill\u00e9es&nbsp;: R\u00e9alise des hypoth\u00e8ses concernant les besoins des plantes pour se d\u00e9velopper<a class=\"read-more\" href=\"https:\/\/www.evoluscience.fr\/index.php\/sixieme\/partie-1\/chapitre-3-les-etres-vivants-dans-la-chaine-alimentaire\/activite-2\/\">Continue reading<\/a><\/p>\n","protected":false},"author":1,"featured_media":0,"parent":12842,"menu_order":2,"comment_status":"closed","ping_status":"closed","template":"","meta":{"om_disable_all_campaigns":false,"_monsterinsights_skip_tracking":false,"_monsterinsights_sitenote_active":false,"_monsterinsights_sitenote_note":"","_monsterinsights_sitenote_category":0,"_themeisle_gutenberg_block_has_review":false,"footnotes":""},"c2tw_page_folder":[],"class_list":["post-12860","page","type-page","status-publish","hentry"],"aioseo_notices":[],"_links":{"self":[{"href":"https:\/\/www.evoluscience.fr\/index.php\/wp-json\/wp\/v2\/pages\/12860","targetHints":{"allow":["GET"]}}],"collection":[{"href":"https:\/\/www.evoluscience.fr\/index.php\/wp-json\/wp\/v2\/pages"}],"about":[{"href":"https:\/\/www.evoluscience.fr\/index.php\/wp-json\/wp\/v2\/types\/page"}],"author":[{"embeddable":true,"href":"https:\/\/www.evoluscience.fr\/index.php\/wp-json\/wp\/v2\/users\/1"}],"replies":[{"embeddable":true,"href":"https:\/\/www.evoluscience.fr\/index.php\/wp-json\/wp\/v2\/comments?post=12860"}],"version-history":[{"count":0,"href":"https:\/\/www.evoluscience.fr\/index.php\/wp-json\/wp\/v2\/pages\/12860\/revisions"}],"up":[{"embeddable":true,"href":"https:\/\/www.evoluscience.fr\/index.php\/wp-json\/wp\/v2\/pages\/12842"}],"wp:attachment":[{"href":"https:\/\/www.evoluscience.fr\/index.php\/wp-json\/wp\/v2\/media?parent=12860"}],"wp:term":[{"taxonomy":"c2tw_page_folder","embeddable":true,"href":"https:\/\/www.evoluscience.fr\/index.php\/wp-json\/wp\/v2\/c2tw_page_folder?post=12860"}],"curies":[{"name":"wp","href":"https:\/\/api.w.org\/{rel}","templated":true}]}}