{"id":12851,"date":"2025-11-16T19:13:03","date_gmt":"2025-11-16T18:13:03","guid":{"rendered":"https:\/\/www.evoluscience.fr\/?page_id=12851"},"modified":"2025-11-16T19:13:42","modified_gmt":"2025-11-16T18:13:42","slug":"conclusion","status":"publish","type":"page","link":"https:\/\/www.evoluscience.fr\/index.php\/sixieme\/partie-1\/chapitre-3-les-etres-vivants-dans-la-chaine-alimentaire\/activite-1\/conclusion\/","title":{"rendered":"Conclusion"},"content":{"rendered":"<div id=\"modal-ready\">\n<p class=\"has-vivid-red-color has-text-color has-link-color wp-elements-f3f24cd9286ab5d664d7db92f3b7fc83\">En pr\u00e9sence d\u2019eau, une graine germe et donne naissance \u00e0 une nouvelle plante.<\/p>\n\n\n\n<p class=\"has-vivid-red-color has-text-color has-link-color wp-elements-a85cf1249b79746bf524b253d5e80b89\">Les cotyl\u00e9dons contiennent les r\u00e9serves nutritives qui seront utilis\u00e9s par l\u2019embryon pr\u00e9sent dans la graine.<\/p>\n\n\n\n<p><\/p>\n<\/div>","protected":false},"excerpt":{"rendered":"<p>En pr\u00e9sence d\u2019eau, une graine germe et donne naissance \u00e0 une nouvelle plante. Les cotyl\u00e9dons contiennent les r\u00e9serves nutritives qui seront utilis\u00e9s par l\u2019embryon pr\u00e9sent dans la graine.<\/p>\n","protected":false},"author":1,"featured_media":0,"parent":12845,"menu_order":1,"comment_status":"closed","ping_status":"closed","template":"","meta":{"om_disable_all_campaigns":false,"_monsterinsights_skip_tracking":false,"_monsterinsights_sitenote_active":false,"_monsterinsights_sitenote_note":"","_monsterinsights_sitenote_category":0,"_themeisle_gutenberg_block_has_review":false,"footnotes":""},"c2tw_page_folder":[],"class_list":["post-12851","page","type-page","status-publish","hentry"],"aioseo_notices":[],"_links":{"self":[{"href":"https:\/\/www.evoluscience.fr\/index.php\/wp-json\/wp\/v2\/pages\/12851","targetHints":{"allow":["GET"]}}],"collection":[{"href":"https:\/\/www.evoluscience.fr\/index.php\/wp-json\/wp\/v2\/pages"}],"about":[{"href":"https:\/\/www.evoluscience.fr\/index.php\/wp-json\/wp\/v2\/types\/page"}],"author":[{"embeddable":true,"href":"https:\/\/www.evoluscience.fr\/index.php\/wp-json\/wp\/v2\/users\/1"}],"replies":[{"embeddable":true,"href":"https:\/\/www.evoluscience.fr\/index.php\/wp-json\/wp\/v2\/comments?post=12851"}],"version-history":[{"count":0,"href":"https:\/\/www.evoluscience.fr\/index.php\/wp-json\/wp\/v2\/pages\/12851\/revisions"}],"up":[{"embeddable":true,"href":"https:\/\/www.evoluscience.fr\/index.php\/wp-json\/wp\/v2\/pages\/12845"}],"wp:attachment":[{"href":"https:\/\/www.evoluscience.fr\/index.php\/wp-json\/wp\/v2\/media?parent=12851"}],"wp:term":[{"taxonomy":"c2tw_page_folder","embeddable":true,"href":"https:\/\/www.evoluscience.fr\/index.php\/wp-json\/wp\/v2\/c2tw_page_folder?post=12851"}],"curies":[{"name":"wp","href":"https:\/\/api.w.org\/{rel}","templated":true}]}}