{"id":12842,"date":"2025-11-16T18:58:42","date_gmt":"2025-11-16T17:58:42","guid":{"rendered":"https:\/\/www.evoluscience.fr\/?page_id=12842"},"modified":"2025-11-17T11:32:37","modified_gmt":"2025-11-17T10:32:37","slug":"chapitre-3-les-etres-vivants-dans-la-chaine-alimentaire","status":"publish","type":"page","link":"https:\/\/www.evoluscience.fr\/index.php\/sixieme\/partie-1\/chapitre-3-les-etres-vivants-dans-la-chaine-alimentaire\/","title":{"rendered":"Chapitre 3 &#8211;  Les \u00eatres vivants dans la cha\u00eene alimentaire"},"content":{"rendered":"<div id=\"modal-ready\">\n<p><em>Donc, les extraterrestres comprennent que la pollinisation permet la reproduction des angiospermes mais aussi de nourrir les abeilles.<\/em><\/p>\n\n\n\n<p class=\"has-vivid-green-cyan-color has-text-color has-link-color wp-elements-6f0463baeedc7788f7ab7ee0f9bec0d1\">Quelles relations ont les \u00eatres vivants pour se nourrir ?<\/p>\n\n\n\n<div style=\"height:100px\" aria-hidden=\"true\" class=\"wp-block-spacer\"><\/div>\n\n\n\n<p><a href=\"https:\/\/www.evoluscience.fr\/index.php\/sixieme\/partie-1\/chapitre-3-les-etres-vivants-dans-la-chaine-alimentaire\/activite-1\/\" target=\"_blank\" rel=\"noopener\" title=\"\">Activit\u00e9 1 &#8211; Quelles sont les conditions pour que germe la graine&nbsp;?<\/a><\/p>\n\n\n\n<p><a href=\"https:\/\/www.evoluscience.fr\/index.php\/sixieme\/partie-1\/chapitre-3-les-etres-vivants-dans-la-chaine-alimentaire\/activite-2\/\" target=\"_blank\" rel=\"noopener\" title=\"\">Activit\u00e9 2 &#8211; Comment les v\u00e9g\u00e9taux produisent-ils de la mati\u00e8re\u00a0?<\/a><\/p>\n\n\n\n<p><a href=\"https:\/\/www.evoluscience.fr\/index.php\/sixieme\/partie-1\/chapitre-3-les-etres-vivants-dans-la-chaine-alimentaire\/activite-3\/\" target=\"_blank\" rel=\"noopener\" title=\"\">Activit\u00e9 3 &#8211; Comment \u00e9volue la croissance d\u2019une plante ?<\/a><\/p>\n\n\n\n<p><a href=\"https:\/\/www.evoluscience.fr\/index.php\/sixieme\/partie-1\/chapitre-3-les-etres-vivants-dans-la-chaine-alimentaire\/activite-4\/\" target=\"_blank\" rel=\"noopener\" title=\"\">Activit\u00e9 4 &#8211; Comment les animaux produisent-ils leur propre mati\u00e8re\u00a0?<\/a><\/p>\n\n\n\n<p><a href=\"https:\/\/www.evoluscience.fr\/index.php\/sixieme\/partie-1\/chapitre-3-les-etres-vivants-dans-la-chaine-alimentaire\/activite-5\/\" target=\"_blank\" rel=\"noopener\" title=\"\">Activit\u00e9 5 &#8211; Que deviennent les organismes apr\u00e8s leur mort\u00a0?<\/a><\/p>\n<\/div>","protected":false},"excerpt":{"rendered":"<p>Donc, les extraterrestres comprennent que la pollinisation permet la reproduction des angiospermes mais aussi de nourrir les abeilles. Quelles relations ont les \u00eatres vivants pour se nourrir ? Activit\u00e9 1 &#8211; Quelles sont les conditions<a class=\"read-more\" href=\"https:\/\/www.evoluscience.fr\/index.php\/sixieme\/partie-1\/chapitre-3-les-etres-vivants-dans-la-chaine-alimentaire\/\">Continue reading<\/a><\/p>\n","protected":false},"author":1,"featured_media":0,"parent":12307,"menu_order":3,"comment_status":"closed","ping_status":"closed","template":"","meta":{"om_disable_all_campaigns":false,"_monsterinsights_skip_tracking":false,"_monsterinsights_sitenote_active":false,"_monsterinsights_sitenote_note":"","_monsterinsights_sitenote_category":0,"_themeisle_gutenberg_block_has_review":false,"footnotes":""},"c2tw_page_folder":[],"class_list":["post-12842","page","type-page","status-publish","hentry"],"aioseo_notices":[],"_links":{"self":[{"href":"https:\/\/www.evoluscience.fr\/index.php\/wp-json\/wp\/v2\/pages\/12842","targetHints":{"allow":["GET"]}}],"collection":[{"href":"https:\/\/www.evoluscience.fr\/index.php\/wp-json\/wp\/v2\/pages"}],"about":[{"href":"https:\/\/www.evoluscience.fr\/index.php\/wp-json\/wp\/v2\/types\/page"}],"author":[{"embeddable":true,"href":"https:\/\/www.evoluscience.fr\/index.php\/wp-json\/wp\/v2\/users\/1"}],"replies":[{"embeddable":true,"href":"https:\/\/www.evoluscience.fr\/index.php\/wp-json\/wp\/v2\/comments?post=12842"}],"version-history":[{"count":0,"href":"https:\/\/www.evoluscience.fr\/index.php\/wp-json\/wp\/v2\/pages\/12842\/revisions"}],"up":[{"embeddable":true,"href":"https:\/\/www.evoluscience.fr\/index.php\/wp-json\/wp\/v2\/pages\/12307"}],"wp:attachment":[{"href":"https:\/\/www.evoluscience.fr\/index.php\/wp-json\/wp\/v2\/media?parent=12842"}],"wp:term":[{"taxonomy":"c2tw_page_folder","embeddable":true,"href":"https:\/\/www.evoluscience.fr\/index.php\/wp-json\/wp\/v2\/c2tw_page_folder?post=12842"}],"curies":[{"name":"wp","href":"https:\/\/api.w.org\/{rel}","templated":true}]}}