{"id":12714,"date":"2025-09-24T18:30:59","date_gmt":"2025-09-24T16:30:59","guid":{"rendered":"https:\/\/www.evoluscience.fr\/?page_id=12714"},"modified":"2025-09-24T18:34:02","modified_gmt":"2025-09-24T16:34:02","slug":"activite-4","status":"publish","type":"page","link":"https:\/\/www.evoluscience.fr\/index.php\/sixieme\/partie-1\/chapitre-2-relations-interspecifiques-lors-de-la-pollinisation\/activite-4\/","title":{"rendered":"Activit\u00e9 4"},"content":{"rendered":"\n<p class=\"has-vivid-red-color has-text-color has-link-color wp-elements-85db8589bdb3098537c77449d5b99f0c\">II. <strong><u>Le ph\u00e9nom\u00e8ne de pollinisation<\/u><\/strong><\/p>\n\n\n\n<ol style=\"list-style-type:upper-roman\" class=\"wp-block-list\">\n<li><\/li>\n<\/ol>\n\n\n\n<p class=\"has-vivid-green-cyan-color has-text-color has-link-color wp-elements-90a3c45b54e896e07e5c4f7657ad4629\">Qu\u2019est-ce que la pollinisation&nbsp;?<\/p>\n\n\n\n<p class=\"has-background\" style=\"background-color:#fdc59f\">Activit\u00e9 4&nbsp;: Explication du r\u00f4le de la pollinisation<\/p>\n\n\n\n<p><em>Comp\u00e9tences travaill\u00e9es&nbsp;:<\/em><\/p>\n\n\n\n<ul class=\"wp-block-list\">\n<li><em>R\u00e9aliser une mod\u00e9lisation num\u00e9rique<\/em><\/li>\n<\/ul>\n\n\n\n<ul class=\"wp-block-list\">\n<li><em>R\u00e9aliser une d\u00e9marche scientifique<\/em><\/li>\n<\/ul>\n\n\n\n<div style=\"height:100px\" aria-hidden=\"true\" class=\"wp-block-spacer\"><\/div>\n\n\n\n<p>A partir du logiciel en ligne FleurOFruit, r\u00e9aliser la mod\u00e9lisation num\u00e9rique pour comprendre comment se r\u00e9alise la pollinisation et son r\u00f4le.<\/p>\n\n\n\n<p>(Cliquer sur la formation des graines, puis les conditions de la formation des graines)<\/p>\n\n\n\n<p><a href=\"http:\/\/svt78.free.fr\/fleurOfruit\/\" target=\"_blank\" rel=\"noopener\" title=\"\">Lien pour ordinateur<\/a> <\/p>\n\n\n\n<p><a href=\"http:\/\/svt78.free.fr\/fleurOfruit\/mobile\/\" target=\"_blank\" rel=\"noopener\" title=\"\">Lien pour tablette<\/a><\/p>\n\n\n\n<div style=\"height:66px\" aria-hidden=\"true\" class=\"wp-block-spacer\"><\/div>\n\n\n\n<p><\/p>\n\n\n<div class=\"wp-block-image\">\n<figure class=\"aligncenter size-full is-resized\"><a href=\"https:\/\/www.evoluscience.fr\/index.php\/sixieme\/partie-1\/chapitre-2-relations-interspecifiques-lors-de-la-pollinisation\/activite-4\/conclusion\/\" target=\"_blank\" rel=\" noreferrer noopener\"><img loading=\"lazy\" decoding=\"async\" width=\"538\" height=\"538\" src=\"https:\/\/www.evoluscience.fr\/wp-content\/uploads\/2019\/09\/conclusion.png\" alt=\"\" class=\"wp-image-370\" style=\"width:450px;height:auto\" srcset=\"https:\/\/www.evoluscience.fr\/wp-content\/uploads\/2019\/09\/conclusion.png 538w, https:\/\/www.evoluscience.fr\/wp-content\/uploads\/2019\/09\/conclusion-150x150.png 150w, https:\/\/www.evoluscience.fr\/wp-content\/uploads\/2019\/09\/conclusion-300x300.png 300w, https:\/\/www.evoluscience.fr\/wp-content\/uploads\/2019\/09\/conclusion-520x520.png 520w\" sizes=\"auto, (max-width: 538px) 100vw, 538px\" \/><\/a><\/figure>\n<\/div>\n\n<div class=\"wp-block-image\">\n<figure class=\"aligncenter size-full is-resized\"><a href=\"https:\/\/www.evoluscience.fr\/wp-content\/uploads\/2025\/09\/6-P1-Chp2Act4-FC-1.pdf\" target=\"_blank\" rel=\" noreferrer noopener\"><img loading=\"lazy\" decoding=\"async\" width=\"735\" height=\"735\" src=\"https:\/\/www.evoluscience.fr\/wp-content\/uploads\/2020\/03\/pjiece_jointe-1.png\" alt=\"\" class=\"wp-image-4366\" style=\"width:435px;height:auto\" srcset=\"https:\/\/www.evoluscience.fr\/wp-content\/uploads\/2020\/03\/pjiece_jointe-1.png 735w, https:\/\/www.evoluscience.fr\/wp-content\/uploads\/2020\/03\/pjiece_jointe-1-300x300.png 300w, https:\/\/www.evoluscience.fr\/wp-content\/uploads\/2020\/03\/pjiece_jointe-1-150x150.png 150w, https:\/\/www.evoluscience.fr\/wp-content\/uploads\/2020\/03\/pjiece_jointe-1-520x520.png 520w\" sizes=\"auto, (max-width: 735px) 100vw, 735px\" \/><\/a><\/figure>\n<\/div>","protected":false},"excerpt":{"rendered":"<p>II. Le ph\u00e9nom\u00e8ne de pollinisation Qu\u2019est-ce que la pollinisation&nbsp;? Activit\u00e9 4&nbsp;: Explication du r\u00f4le de la pollinisation Comp\u00e9tences travaill\u00e9es&nbsp;: A partir du logiciel en ligne FleurOFruit, r\u00e9aliser la mod\u00e9lisation num\u00e9rique pour comprendre comment se r\u00e9alise<a class=\"read-more\" href=\"https:\/\/www.evoluscience.fr\/index.php\/sixieme\/partie-1\/chapitre-2-relations-interspecifiques-lors-de-la-pollinisation\/activite-4\/\">Continue reading<\/a><\/p>\n","protected":false},"author":1,"featured_media":0,"parent":12652,"menu_order":4,"comment_status":"closed","ping_status":"closed","template":"","meta":{"_monsterinsights_skip_tracking":false,"_monsterinsights_sitenote_active":false,"_monsterinsights_sitenote_note":"","_monsterinsights_sitenote_category":0,"_themeisle_gutenberg_block_has_review":false,"footnotes":""},"class_list":["post-12714","page","type-page","status-publish","hentry"],"_links":{"self":[{"href":"https:\/\/www.evoluscience.fr\/index.php\/wp-json\/wp\/v2\/pages\/12714","targetHints":{"allow":["GET"]}}],"collection":[{"href":"https:\/\/www.evoluscience.fr\/index.php\/wp-json\/wp\/v2\/pages"}],"about":[{"href":"https:\/\/www.evoluscience.fr\/index.php\/wp-json\/wp\/v2\/types\/page"}],"author":[{"embeddable":true,"href":"https:\/\/www.evoluscience.fr\/index.php\/wp-json\/wp\/v2\/users\/1"}],"replies":[{"embeddable":true,"href":"https:\/\/www.evoluscience.fr\/index.php\/wp-json\/wp\/v2\/comments?post=12714"}],"version-history":[{"count":0,"href":"https:\/\/www.evoluscience.fr\/index.php\/wp-json\/wp\/v2\/pages\/12714\/revisions"}],"up":[{"embeddable":true,"href":"https:\/\/www.evoluscience.fr\/index.php\/wp-json\/wp\/v2\/pages\/12652"}],"wp:attachment":[{"href":"https:\/\/www.evoluscience.fr\/index.php\/wp-json\/wp\/v2\/media?parent=12714"}],"curies":[{"name":"wp","href":"https:\/\/api.w.org\/{rel}","templated":true}]}}