{"id":12704,"date":"2025-09-24T18:14:57","date_gmt":"2025-09-24T16:14:57","guid":{"rendered":"https:\/\/www.evoluscience.fr\/?page_id=12704"},"modified":"2025-09-24T18:20:08","modified_gmt":"2025-09-24T16:20:08","slug":"activite-3","status":"publish","type":"page","link":"https:\/\/www.evoluscience.fr\/index.php\/sixieme\/partie-1\/chapitre-2-relations-interspecifiques-lors-de-la-pollinisation\/activite-3\/","title":{"rendered":"Activit\u00e9 3"},"content":{"rendered":"<div id=\"modal-ready\">\n<p class=\"has-vivid-green-cyan-color has-text-color has-link-color wp-elements-7a1adfa6927ab82c36088dd40aac3aa9\">Comment sont organis\u00e9es les fleurs&nbsp;?<\/p>\n\n\n\n<p class=\"has-background\" style=\"background-color:#ffbf92\">Activit\u00e9 3&nbsp;: Dissection de la fleur et observation microscopique du pollen<\/p>\n\n\n\n<p><em>Comp\u00e9tences travaill\u00e9es&nbsp;:<\/em><\/p>\n\n\n\n<ul class=\"wp-block-list\">\n<li><em>R\u00e9aliser une pr\u00e9paration microscopique<\/em><\/li>\n<\/ul>\n\n\n\n<ul class=\"wp-block-list\">\n<li><em>R\u00e9aliser une observation microscopique<\/em><\/li>\n<\/ul>\n\n\n\n<div style=\"height:71px\" aria-hidden=\"true\" class=\"wp-block-spacer\"><\/div>\n\n\n\n<p>Compl\u00e9ter le sch\u00e9ma de la coupe longitudinale de la fleur \u00e0 l&rsquo;aide du genially suivant :<\/p>\n\n\n\n<figure class=\"wp-block-embed is-type-wp-embed is-provider-genially wp-block-embed-genially\"><div class=\"wp-block-embed__wrapper\">\n<iframe class=\"wp-embedded-content\" sandbox=\"allow-scripts\" security=\"restricted\" title=\"dissection fleur 6\u00e8me\" frameborder='0' width='1200' height='675' src='https:\/\/view.genially.com\/5ea98f28134b180d2d382971#?secret=goI4lOvLlC' data-secret='goI4lOvLlC' scrolling='yes'><\/iframe>\n<\/div><\/figure>\n\n\n\n<div style=\"height:69px\" aria-hidden=\"true\" class=\"wp-block-spacer\"><\/div>\n\n\n\n<p>R\u00e9aliser la pr\u00e9paration microscopique de pollen pour ensuite l&rsquo;observer au microscope.<\/p>\n\n\n<div class=\"wp-block-image\">\n<figure class=\"aligncenter size-full\"><img loading=\"lazy\" decoding=\"async\" width=\"500\" height=\"375\" src=\"https:\/\/www.evoluscience.fr\/wp-content\/uploads\/2025\/09\/image-5.png\" alt=\"\" class=\"wp-image-12705\" srcset=\"https:\/\/www.evoluscience.fr\/wp-content\/uploads\/2025\/09\/image-5.png 500w, https:\/\/www.evoluscience.fr\/wp-content\/uploads\/2025\/09\/image-5-300x225.png 300w\" sizes=\"auto, (max-width: 500px) 100vw, 500px\" \/><\/figure>\n<\/div>\n\n\n<p class=\"has-text-align-center has-small-font-size\">Grains de pollen observ\u00e9s au microscope&nbsp;: coloration \u00e0 la safranine, X600<\/p>\n\n\n\n<div style=\"height:63px\" aria-hidden=\"true\" class=\"wp-block-spacer\"><\/div>\n\n\n<div class=\"wp-block-image\">\n<figure class=\"aligncenter size-full is-resized\"><a href=\"https:\/\/www.evoluscience.fr\/index.php\/sixieme\/partie-1\/chapitre-2-relations-interspecifiques-lors-de-la-pollinisation\/activite-3\/conclusion\/\" target=\"_blank\" rel=\" noreferrer noopener\"><img loading=\"lazy\" decoding=\"async\" width=\"538\" height=\"538\" src=\"https:\/\/www.evoluscience.fr\/wp-content\/uploads\/2019\/09\/conclusion.png\" alt=\"\" class=\"wp-image-370\" style=\"width:450px;height:auto\" srcset=\"https:\/\/www.evoluscience.fr\/wp-content\/uploads\/2019\/09\/conclusion.png 538w, https:\/\/www.evoluscience.fr\/wp-content\/uploads\/2019\/09\/conclusion-150x150.png 150w, https:\/\/www.evoluscience.fr\/wp-content\/uploads\/2019\/09\/conclusion-300x300.png 300w, https:\/\/www.evoluscience.fr\/wp-content\/uploads\/2019\/09\/conclusion-520x520.png 520w\" sizes=\"auto, (max-width: 538px) 100vw, 538px\" \/><\/a><\/figure>\n<\/div>\n\n<div class=\"wp-block-image\">\n<figure class=\"aligncenter size-full is-resized\"><a href=\"https:\/\/www.evoluscience.fr\/wp-content\/uploads\/2025\/09\/6-P1-Chp2Act3-FC.pdf\" target=\"_blank\" rel=\" noreferrer noopener\"><img loading=\"lazy\" decoding=\"async\" width=\"735\" height=\"735\" src=\"https:\/\/www.evoluscience.fr\/wp-content\/uploads\/2020\/03\/pjiece_jointe-1.png\" alt=\"\" class=\"wp-image-4366\" style=\"width:479px;height:auto\" srcset=\"https:\/\/www.evoluscience.fr\/wp-content\/uploads\/2020\/03\/pjiece_jointe-1.png 735w, https:\/\/www.evoluscience.fr\/wp-content\/uploads\/2020\/03\/pjiece_jointe-1-300x300.png 300w, https:\/\/www.evoluscience.fr\/wp-content\/uploads\/2020\/03\/pjiece_jointe-1-150x150.png 150w, https:\/\/www.evoluscience.fr\/wp-content\/uploads\/2020\/03\/pjiece_jointe-1-520x520.png 520w\" sizes=\"auto, (max-width: 735px) 100vw, 735px\" \/><\/a><\/figure>\n<\/div><\/div>","protected":false},"excerpt":{"rendered":"<p>Comment sont organis\u00e9es les fleurs&nbsp;? Activit\u00e9 3&nbsp;: Dissection de la fleur et observation microscopique du pollen Comp\u00e9tences travaill\u00e9es&nbsp;: Compl\u00e9ter le sch\u00e9ma de la coupe longitudinale de la fleur \u00e0 l&rsquo;aide du genially suivant : R\u00e9aliser<a class=\"read-more\" href=\"https:\/\/www.evoluscience.fr\/index.php\/sixieme\/partie-1\/chapitre-2-relations-interspecifiques-lors-de-la-pollinisation\/activite-3\/\">Continue reading<\/a><\/p>\n","protected":false},"author":1,"featured_media":0,"parent":12652,"menu_order":3,"comment_status":"closed","ping_status":"closed","template":"","meta":{"om_disable_all_campaigns":false,"_monsterinsights_skip_tracking":false,"_monsterinsights_sitenote_active":false,"_monsterinsights_sitenote_note":"","_monsterinsights_sitenote_category":0,"_themeisle_gutenberg_block_has_review":false,"footnotes":""},"c2tw_page_folder":[],"class_list":["post-12704","page","type-page","status-publish","hentry"],"aioseo_notices":[],"_links":{"self":[{"href":"https:\/\/www.evoluscience.fr\/index.php\/wp-json\/wp\/v2\/pages\/12704","targetHints":{"allow":["GET"]}}],"collection":[{"href":"https:\/\/www.evoluscience.fr\/index.php\/wp-json\/wp\/v2\/pages"}],"about":[{"href":"https:\/\/www.evoluscience.fr\/index.php\/wp-json\/wp\/v2\/types\/page"}],"author":[{"embeddable":true,"href":"https:\/\/www.evoluscience.fr\/index.php\/wp-json\/wp\/v2\/users\/1"}],"replies":[{"embeddable":true,"href":"https:\/\/www.evoluscience.fr\/index.php\/wp-json\/wp\/v2\/comments?post=12704"}],"version-history":[{"count":3,"href":"https:\/\/www.evoluscience.fr\/index.php\/wp-json\/wp\/v2\/pages\/12704\/revisions"}],"predecessor-version":[{"id":12713,"href":"https:\/\/www.evoluscience.fr\/index.php\/wp-json\/wp\/v2\/pages\/12704\/revisions\/12713"}],"up":[{"embeddable":true,"href":"https:\/\/www.evoluscience.fr\/index.php\/wp-json\/wp\/v2\/pages\/12652"}],"wp:attachment":[{"href":"https:\/\/www.evoluscience.fr\/index.php\/wp-json\/wp\/v2\/media?parent=12704"}],"wp:term":[{"taxonomy":"c2tw_page_folder","embeddable":true,"href":"https:\/\/www.evoluscience.fr\/index.php\/wp-json\/wp\/v2\/c2tw_page_folder?post=12704"}],"curies":[{"name":"wp","href":"https:\/\/api.w.org\/{rel}","templated":true}]}}