{"id":1270,"date":"2019-09-30T22:50:00","date_gmt":"2019-09-30T20:50:00","guid":{"rendered":"http:\/\/evoluscience.fr\/?page_id=1270"},"modified":"2019-12-09T08:16:02","modified_gmt":"2019-12-09T07:16:02","slug":"1270-2","status":"publish","type":"page","link":"https:\/\/www.evoluscience.fr\/index.php\/cycle-4\/troisieme-2\/troisieme\/chapitre-3-hygiene-de-vie-et-systeme-immunitaire\/activite-2\/1270-2\/","title":{"rendered":"Conclusion"},"content":{"rendered":"\n<div class=\"wp-block-themeisle-blocks-advanced-columns has-1-columns has-desktop-equal-layout has-tablet-equal-layout has-mobile-equal-layout has-default-gap has-vertical-unset\" id=\"wp-block-themeisle-blocks-advanced-columns-d42a1b14\" style=\"border-width:0px;border-style:solid;border-color:#000000;border-radius:0px;justify-content:unset\"><div class=\"wp-themeisle-block-overlay\" style=\"opacity:0.5;mix-blend-mode:normal\"><\/div><div class=\"innerblocks-wrap\">\n<div class=\"wp-block-themeisle-blocks-advanced-column\" id=\"wp-block-themeisle-blocks-advanced-column-264ab94e\" style=\"border-width:0px;border-style:solid;border-color:#000000;border-radius:0px\">\n<p class=\"has-text-color has-drop-cap has-vivid-red-color\">Le syst\u00e8me immunitaire de\nl\u2019organisme est un ensemble de leucocytes et d\u2019organes lympho\u00efdes assurant la\nd\u00e9fense contre des \u00e9l\u00e9ments \u00e9trangers.<strong><\/strong><\/p>\n\n\n\n<p class=\"has-text-color has-vivid-red-color\"><strong>Le sang<\/strong> est compos\u00e9 d\u2019un liquide, le plasma, dans lequel sont suspendues&nbsp;: <\/p>\n\n\n\n<ul class=\"wp-block-list\"><li>Les globules rouges ou h\u00e9maties<\/li><\/ul>\n\n\n\n<ul class=\"wp-block-list\"><li>Les globules blancs ou <strong>leucocyt<\/strong>es<\/li><li>Les <strong>plaquettes<\/strong> (qui sont des fragments de cellules)<\/li><\/ul>\n\n\n\n<div style=\"height:53px\" aria-hidden=\"true\" class=\"wp-block-spacer\"><\/div>\n\n\n\n<div class=\"wp-block-image\"><figure class=\"aligncenter\"><img loading=\"lazy\" decoding=\"async\" width=\"863\" height=\"227\" src=\"http:\/\/evoluscience.fr\/wp-content\/uploads\/2019\/12\/image-2.png\" alt=\"\" class=\"wp-image-2903\" srcset=\"https:\/\/www.evoluscience.fr\/wp-content\/uploads\/2019\/12\/image-2.png 863w, https:\/\/www.evoluscience.fr\/wp-content\/uploads\/2019\/12\/image-2-300x79.png 300w, https:\/\/www.evoluscience.fr\/wp-content\/uploads\/2019\/12\/image-2-768x202.png 768w, https:\/\/www.evoluscience.fr\/wp-content\/uploads\/2019\/12\/image-2-520x137.png 520w, https:\/\/www.evoluscience.fr\/wp-content\/uploads\/2019\/12\/image-2-740x195.png 740w\" sizes=\"auto, (max-width: 863px) 100vw, 863px\" \/><\/figure><\/div>\n<\/div>\n<\/div><\/div>\n","protected":false},"excerpt":{"rendered":"","protected":false},"author":1,"featured_media":0,"parent":1263,"menu_order":0,"comment_status":"closed","ping_status":"closed","template":"","meta":{"_monsterinsights_skip_tracking":false,"_monsterinsights_sitenote_active":false,"_monsterinsights_sitenote_note":"","_monsterinsights_sitenote_category":0,"_themeisle_gutenberg_block_has_review":false,"footnotes":""},"class_list":["post-1270","page","type-page","status-publish","hentry"],"_links":{"self":[{"href":"https:\/\/www.evoluscience.fr\/index.php\/wp-json\/wp\/v2\/pages\/1270","targetHints":{"allow":["GET"]}}],"collection":[{"href":"https:\/\/www.evoluscience.fr\/index.php\/wp-json\/wp\/v2\/pages"}],"about":[{"href":"https:\/\/www.evoluscience.fr\/index.php\/wp-json\/wp\/v2\/types\/page"}],"author":[{"embeddable":true,"href":"https:\/\/www.evoluscience.fr\/index.php\/wp-json\/wp\/v2\/users\/1"}],"replies":[{"embeddable":true,"href":"https:\/\/www.evoluscience.fr\/index.php\/wp-json\/wp\/v2\/comments?post=1270"}],"version-history":[{"count":0,"href":"https:\/\/www.evoluscience.fr\/index.php\/wp-json\/wp\/v2\/pages\/1270\/revisions"}],"up":[{"embeddable":true,"href":"https:\/\/www.evoluscience.fr\/index.php\/wp-json\/wp\/v2\/pages\/1263"}],"wp:attachment":[{"href":"https:\/\/www.evoluscience.fr\/index.php\/wp-json\/wp\/v2\/media?parent=1270"}],"curies":[{"name":"wp","href":"https:\/\/api.w.org\/{rel}","templated":true}]}}