{"id":12693,"date":"2025-09-24T17:59:06","date_gmt":"2025-09-24T15:59:06","guid":{"rendered":"https:\/\/www.evoluscience.fr\/?page_id=12693"},"modified":"2025-09-24T18:04:47","modified_gmt":"2025-09-24T16:04:47","slug":"activite-2","status":"publish","type":"page","link":"https:\/\/www.evoluscience.fr\/index.php\/sixieme\/partie-1\/chapitre-2-relations-interspecifiques-lors-de-la-pollinisation\/activite-2\/","title":{"rendered":"Activit\u00e9 2"},"content":{"rendered":"\n<p class=\"has-vivid-green-cyan-color has-text-color has-link-color wp-elements-8a9eb93b0a878f04e89c3969d1f5e23e\">Comment se d\u00e9veloppe le cerisier&nbsp;?<\/p>\n\n\n\n<p class=\"has-background\" style=\"background-color:#ffc69d\">Activit\u00e9 2&nbsp;: R\u00e9alisation du cycle de vie du cerisier<\/p>\n\n\n\n<p><em>Comp\u00e9tences travaill\u00e9es&nbsp;:<\/em><\/p>\n\n\n\n<ul class=\"wp-block-list\">\n<li><em>R\u00e9aliser une recherche documentaire<\/em><\/li>\n<\/ul>\n\n\n\n<ul class=\"wp-block-list\">\n<li><em>R\u00e9aliser un sch\u00e9ma<\/em><\/li>\n<\/ul>\n\n\n\n<div style=\"height:51px\" aria-hidden=\"true\" class=\"wp-block-spacer\"><\/div>\n\n\n\n<p>A partir de recherches documentaires, r\u00e9aliser le sch\u00e9ma du cycle de vie du cerisier (sur le cahier).<\/p>\n\n\n\n<p>Indiquer les \u00e9tapes de vie du cerisier. En rouge, indiquer les processus importants au cours de ce cycle.<\/p>\n\n\n<div class=\"wp-block-image\">\n<figure class=\"aligncenter size-full is-resized\"><img loading=\"lazy\" decoding=\"async\" width=\"503\" height=\"395\" src=\"https:\/\/www.evoluscience.fr\/wp-content\/uploads\/2025\/09\/image-3.png\" alt=\"\" class=\"wp-image-12695\" style=\"width:689px;height:auto\" srcset=\"https:\/\/www.evoluscience.fr\/wp-content\/uploads\/2025\/09\/image-3.png 503w, https:\/\/www.evoluscience.fr\/wp-content\/uploads\/2025\/09\/image-3-300x236.png 300w\" sizes=\"auto, (max-width: 503px) 100vw, 503px\" \/><\/figure>\n<\/div>\n\n\n<p>Aide \/ Mots-cl\u00e9s&nbsp;: <\/p>\n\n\n\n<p>Arbre \u2013 Plantule \u2013 Arbre comportant des fleurs &#8211; Graine \u2013 Jeune plant \u2013 Arbre comportant des fruits<\/p>\n\n\n\n<p> Floraison \u2013 Germination \u2013 Croissance \u2013 Reproduction sexu\u00e9e &#8211; Diss\u00e9mination<\/p>\n\n\n\n<div style=\"height:100px\" aria-hidden=\"true\" class=\"wp-block-spacer\"><\/div>\n\n\n<div class=\"wp-block-image\">\n<figure class=\"aligncenter size-full is-resized\"><a href=\"https:\/\/www.evoluscience.fr\/index.php\/sixieme\/partie-1\/chapitre-2-relations-interspecifiques-lors-de-la-pollinisation\/activite-2\/conclusion\/\" target=\"_blank\" rel=\" noreferrer noopener\"><img loading=\"lazy\" decoding=\"async\" width=\"538\" height=\"538\" src=\"https:\/\/www.evoluscience.fr\/wp-content\/uploads\/2019\/09\/conclusion.png\" alt=\"\" class=\"wp-image-370\" style=\"width:412px;height:auto\" srcset=\"https:\/\/www.evoluscience.fr\/wp-content\/uploads\/2019\/09\/conclusion.png 538w, https:\/\/www.evoluscience.fr\/wp-content\/uploads\/2019\/09\/conclusion-150x150.png 150w, https:\/\/www.evoluscience.fr\/wp-content\/uploads\/2019\/09\/conclusion-300x300.png 300w, https:\/\/www.evoluscience.fr\/wp-content\/uploads\/2019\/09\/conclusion-520x520.png 520w\" sizes=\"auto, (max-width: 538px) 100vw, 538px\" \/><\/a><\/figure>\n<\/div>\n\n<div class=\"wp-block-image\">\n<figure class=\"aligncenter size-full is-resized\"><a href=\"https:\/\/www.evoluscience.fr\/wp-content\/uploads\/2025\/09\/6-P1-Chp2Act2-FC.pdf\" target=\"_blank\" rel=\" noreferrer noopener\"><img loading=\"lazy\" decoding=\"async\" width=\"735\" height=\"735\" src=\"https:\/\/www.evoluscience.fr\/wp-content\/uploads\/2020\/03\/pjiece_jointe-1.png\" alt=\"\" class=\"wp-image-4366\" style=\"width:409px;height:auto\" srcset=\"https:\/\/www.evoluscience.fr\/wp-content\/uploads\/2020\/03\/pjiece_jointe-1.png 735w, https:\/\/www.evoluscience.fr\/wp-content\/uploads\/2020\/03\/pjiece_jointe-1-300x300.png 300w, https:\/\/www.evoluscience.fr\/wp-content\/uploads\/2020\/03\/pjiece_jointe-1-150x150.png 150w, https:\/\/www.evoluscience.fr\/wp-content\/uploads\/2020\/03\/pjiece_jointe-1-520x520.png 520w\" sizes=\"auto, (max-width: 735px) 100vw, 735px\" \/><\/a><\/figure>\n<\/div>","protected":false},"excerpt":{"rendered":"<p>Comment se d\u00e9veloppe le cerisier&nbsp;? Activit\u00e9 2&nbsp;: R\u00e9alisation du cycle de vie du cerisier Comp\u00e9tences travaill\u00e9es&nbsp;: A partir de recherches documentaires, r\u00e9aliser le sch\u00e9ma du cycle de vie du cerisier (sur le cahier). Indiquer les<a class=\"read-more\" href=\"https:\/\/www.evoluscience.fr\/index.php\/sixieme\/partie-1\/chapitre-2-relations-interspecifiques-lors-de-la-pollinisation\/activite-2\/\">Continue reading<\/a><\/p>\n","protected":false},"author":1,"featured_media":0,"parent":12652,"menu_order":2,"comment_status":"closed","ping_status":"closed","template":"","meta":{"_monsterinsights_skip_tracking":false,"_monsterinsights_sitenote_active":false,"_monsterinsights_sitenote_note":"","_monsterinsights_sitenote_category":0,"_themeisle_gutenberg_block_has_review":false,"footnotes":""},"class_list":["post-12693","page","type-page","status-publish","hentry"],"_links":{"self":[{"href":"https:\/\/www.evoluscience.fr\/index.php\/wp-json\/wp\/v2\/pages\/12693","targetHints":{"allow":["GET"]}}],"collection":[{"href":"https:\/\/www.evoluscience.fr\/index.php\/wp-json\/wp\/v2\/pages"}],"about":[{"href":"https:\/\/www.evoluscience.fr\/index.php\/wp-json\/wp\/v2\/types\/page"}],"author":[{"embeddable":true,"href":"https:\/\/www.evoluscience.fr\/index.php\/wp-json\/wp\/v2\/users\/1"}],"replies":[{"embeddable":true,"href":"https:\/\/www.evoluscience.fr\/index.php\/wp-json\/wp\/v2\/comments?post=12693"}],"version-history":[{"count":0,"href":"https:\/\/www.evoluscience.fr\/index.php\/wp-json\/wp\/v2\/pages\/12693\/revisions"}],"up":[{"embeddable":true,"href":"https:\/\/www.evoluscience.fr\/index.php\/wp-json\/wp\/v2\/pages\/12652"}],"wp:attachment":[{"href":"https:\/\/www.evoluscience.fr\/index.php\/wp-json\/wp\/v2\/media?parent=12693"}],"curies":[{"name":"wp","href":"https:\/\/api.w.org\/{rel}","templated":true}]}}