{"id":12652,"date":"2025-09-22T22:12:48","date_gmt":"2025-09-22T20:12:48","guid":{"rendered":"https:\/\/www.evoluscience.fr\/?page_id=12652"},"modified":"2025-09-24T22:46:58","modified_gmt":"2025-09-24T20:46:58","slug":"chapitre-2-relations-interspecifiques-lors-de-la-pollinisation","status":"publish","type":"page","link":"https:\/\/www.evoluscience.fr\/index.php\/sixieme\/partie-1\/chapitre-2-relations-interspecifiques-lors-de-la-pollinisation\/","title":{"rendered":"Chapitre 2 &#8211;\u00a0 Relations intersp\u00e9cifiques lors de la pollinisation"},"content":{"rendered":"<div id=\"modal-ready\">\n<p><em>Apr\u00e8s avoir observ\u00e9 la faune et la flore, les extraterrestres sont intrigu\u00e9s par diff\u00e9rents relations entre les esp\u00e8ces. Notamment, ils ne comprennent pas l\u2019int\u00e9r\u00eat que les abeilles ont \u00e0 voler autour des fleurs.<\/em><\/p>\n\n\n\n<p class=\"has-vivid-green-cyan-color has-text-color has-link-color wp-elements-41f3150f8d2fa6bed3156712933c2b4c\">Comment les esp\u00e8ces interagissent-elles au cours de la pollinisation ?<\/p>\n\n\n\n<p><a href=\"https:\/\/www.evoluscience.fr\/index.php\/sixieme\/partie-1\/chapitre-2-relations-interspecifiques-lors-de-la-pollinisation\/activite-1\/\" target=\"_blank\" rel=\"noopener\" title=\"\">Activit\u00e9 1 &#8211; Comment se d\u00e9veloppe l\u2019abeille&nbsp;?<\/a><\/p>\n\n\n\n<p><a href=\"https:\/\/www.evoluscience.fr\/index.php\/sixieme\/partie-1\/chapitre-2-relations-interspecifiques-lors-de-la-pollinisation\/activite-2\/\" target=\"_blank\" rel=\"noopener\" title=\"\">Activit\u00e9 2&nbsp;&#8211; Comment se d\u00e9veloppe le cerisier&nbsp;?<\/a><\/p>\n\n\n\n<p><a href=\"https:\/\/www.evoluscience.fr\/index.php\/sixieme\/partie-1\/chapitre-2-relations-interspecifiques-lors-de-la-pollinisation\/activite-3\/\" target=\"_blank\" rel=\"noopener\" title=\"\">Activit\u00e9 3&nbsp;&#8211; Comment sont organis\u00e9es les fleurs&nbsp;?<\/a><\/p>\n\n\n\n<p><a href=\"https:\/\/www.evoluscience.fr\/index.php\/sixieme\/partie-1\/chapitre-2-relations-interspecifiques-lors-de-la-pollinisation\/activite-4\/\" target=\"_blank\" rel=\"noopener\" title=\"\">Activit\u00e9 4\u00a0&#8211; Qu\u2019est-ce que la pollinisation\u00a0?<\/a><\/p>\n\n\n\n<p><a href=\"https:\/\/www.evoluscience.fr\/index.php\/sixieme\/partie-1\/chapitre-2-relations-interspecifiques-lors-de-la-pollinisation\/activite-5\/\" target=\"_blank\" rel=\"noopener\" title=\"\">Activit\u00e9 5\u00a0&#8211; Quelle est l\u2019importance des pollinisateurs\u00a0?<\/a><\/p>\n\n\n\n<p><\/p>\n<\/div>","protected":false},"excerpt":{"rendered":"<p>Apr\u00e8s avoir observ\u00e9 la faune et la flore, les extraterrestres sont intrigu\u00e9s par diff\u00e9rents relations entre les esp\u00e8ces. Notamment, ils ne comprennent pas l\u2019int\u00e9r\u00eat que les abeilles ont \u00e0 voler autour des fleurs. Comment les<a class=\"read-more\" href=\"https:\/\/www.evoluscience.fr\/index.php\/sixieme\/partie-1\/chapitre-2-relations-interspecifiques-lors-de-la-pollinisation\/\">Continue reading<\/a><\/p>\n","protected":false},"author":1,"featured_media":0,"parent":12307,"menu_order":2,"comment_status":"closed","ping_status":"closed","template":"","meta":{"om_disable_all_campaigns":false,"_monsterinsights_skip_tracking":false,"_monsterinsights_sitenote_active":false,"_monsterinsights_sitenote_note":"","_monsterinsights_sitenote_category":0,"_themeisle_gutenberg_block_has_review":false,"footnotes":""},"c2tw_page_folder":[],"class_list":["post-12652","page","type-page","status-publish","hentry"],"aioseo_notices":[],"_links":{"self":[{"href":"https:\/\/www.evoluscience.fr\/index.php\/wp-json\/wp\/v2\/pages\/12652","targetHints":{"allow":["GET"]}}],"collection":[{"href":"https:\/\/www.evoluscience.fr\/index.php\/wp-json\/wp\/v2\/pages"}],"about":[{"href":"https:\/\/www.evoluscience.fr\/index.php\/wp-json\/wp\/v2\/types\/page"}],"author":[{"embeddable":true,"href":"https:\/\/www.evoluscience.fr\/index.php\/wp-json\/wp\/v2\/users\/1"}],"replies":[{"embeddable":true,"href":"https:\/\/www.evoluscience.fr\/index.php\/wp-json\/wp\/v2\/comments?post=12652"}],"version-history":[{"count":6,"href":"https:\/\/www.evoluscience.fr\/index.php\/wp-json\/wp\/v2\/pages\/12652\/revisions"}],"predecessor-version":[{"id":12732,"href":"https:\/\/www.evoluscience.fr\/index.php\/wp-json\/wp\/v2\/pages\/12652\/revisions\/12732"}],"up":[{"embeddable":true,"href":"https:\/\/www.evoluscience.fr\/index.php\/wp-json\/wp\/v2\/pages\/12307"}],"wp:attachment":[{"href":"https:\/\/www.evoluscience.fr\/index.php\/wp-json\/wp\/v2\/media?parent=12652"}],"wp:term":[{"taxonomy":"c2tw_page_folder","embeddable":true,"href":"https:\/\/www.evoluscience.fr\/index.php\/wp-json\/wp\/v2\/c2tw_page_folder?post=12652"}],"curies":[{"name":"wp","href":"https:\/\/api.w.org\/{rel}","templated":true}]}}