{"id":1256,"date":"2019-09-30T22:30:44","date_gmt":"2019-09-30T20:30:44","guid":{"rendered":"http:\/\/evoluscience.fr\/?page_id=1256"},"modified":"2026-01-13T12:18:54","modified_gmt":"2026-01-13T11:18:54","slug":"capsule","status":"publish","type":"page","link":"https:\/\/www.evoluscience.fr\/index.php\/cycle-4\/troisieme-2\/troisieme\/chapitre-3-hygiene-de-vie-et-systeme-immunitaire\/activite-1\/capsule\/","title":{"rendered":"Capsule"},"content":{"rendered":"\n<div id=\"wp-block-themeisle-blocks-advanced-columns-f00f5e92\" class=\"wp-block-themeisle-blocks-advanced-columns has-1-columns has-desktop-equal-layout has-tablet-equal-layout has-mobile-equal-layout has-vertical-unset\"><div class=\"wp-block-themeisle-blocks-advanced-columns-overlay\"><\/div><div class=\"innerblocks-wrap\">\n<div id=\"wp-block-themeisle-blocks-advanced-column-910615ec\" class=\"wp-block-themeisle-blocks-advanced-column\">\n<p>A partir de vos recherches documentaires et\/ou  de la vid\u00e9o ci-dessous, indiquer les cellules et organes du syst\u00e8me immunitaire en compl\u00e9tant le tableau<strong><em>.<\/em><\/strong><\/p>\n\n\n\n<figure class=\"wp-block-image size-full\"><img loading=\"lazy\" decoding=\"async\" width=\"711\" height=\"177\" src=\"https:\/\/www.evoluscience.fr\/wp-content\/uploads\/2026\/01\/image-6.png\" alt=\"\" class=\"wp-image-13218\" srcset=\"https:\/\/www.evoluscience.fr\/wp-content\/uploads\/2026\/01\/image-6.png 711w, https:\/\/www.evoluscience.fr\/wp-content\/uploads\/2026\/01\/image-6-300x75.png 300w, https:\/\/www.evoluscience.fr\/wp-content\/uploads\/2026\/01\/image-6-520x129.png 520w\" sizes=\"auto, (max-width: 711px) 100vw, 711px\" \/><\/figure>\n<\/div>\n<\/div><\/div>\n\n\n\n<p>Pour information, les cellules h\u00e9matopo\u00ef\u00e9tiques sont toutes les cellules pr\u00e9sentes dans le sang : donc les globules rouges mais aussi les globules blancs = leucocytes.<\/p>\n\n\n\n<figure class=\"wp-block-image size-large\"><a href=\"https:\/\/www.evoluscience.fr\/wp-content\/uploads\/2026\/01\/Immunologie-les-Organes-Lymphoides-Primaires.mp4\" target=\"_blank\" rel=\" noreferrer noopener\"><img loading=\"lazy\" decoding=\"async\" width=\"1024\" height=\"576\" src=\"https:\/\/www.evoluscience.fr\/wp-content\/uploads\/2026\/01\/Immunologie-les-Organes-Lymphoides-Primaires-mp4-image-1024x576.png\" alt=\"\" class=\"wp-image-13225\" srcset=\"https:\/\/www.evoluscience.fr\/wp-content\/uploads\/2026\/01\/Immunologie-les-Organes-Lymphoides-Primaires-mp4-image-1024x576.png 1024w, https:\/\/www.evoluscience.fr\/wp-content\/uploads\/2026\/01\/Immunologie-les-Organes-Lymphoides-Primaires-mp4-image-300x169.png 300w, https:\/\/www.evoluscience.fr\/wp-content\/uploads\/2026\/01\/Immunologie-les-Organes-Lymphoides-Primaires-mp4-image-768x432.png 768w, https:\/\/www.evoluscience.fr\/wp-content\/uploads\/2026\/01\/Immunologie-les-Organes-Lymphoides-Primaires-mp4-image-520x293.png 520w, https:\/\/www.evoluscience.fr\/wp-content\/uploads\/2026\/01\/Immunologie-les-Organes-Lymphoides-Primaires-mp4-image-740x416.png 740w, https:\/\/www.evoluscience.fr\/wp-content\/uploads\/2026\/01\/Immunologie-les-Organes-Lymphoides-Primaires-mp4-image.png 1280w\" sizes=\"auto, (max-width: 1024px) 100vw, 1024px\" \/><\/a><\/figure>\n\n\n\n<p>Source : <a href=\"https:\/\/www.youtube.com\/watch?v=tCczTHQAi1A\" target=\"_blank\" rel=\"noopener\" title=\"\">https:\/\/www.youtube.com\/watch?v=tCczTHQAi1A<\/a><\/p>\n\n\n\n<p><\/p>\n","protected":false},"excerpt":{"rendered":"<p>Pour information, les cellules h\u00e9matopo\u00ef\u00e9tiques sont toutes les cellules pr\u00e9sentes dans le sang : donc les globules rouges mais aussi les globules blancs = leucocytes. Source : https:\/\/www.youtube.com\/watch?v=tCczTHQAi1A<\/p>\n","protected":false},"author":1,"featured_media":0,"parent":1249,"menu_order":3,"comment_status":"closed","ping_status":"closed","template":"","meta":{"_monsterinsights_skip_tracking":false,"_monsterinsights_sitenote_active":false,"_monsterinsights_sitenote_note":"","_monsterinsights_sitenote_category":0,"_themeisle_gutenberg_block_has_review":false,"footnotes":""},"class_list":["post-1256","page","type-page","status-publish","hentry"],"_links":{"self":[{"href":"https:\/\/www.evoluscience.fr\/index.php\/wp-json\/wp\/v2\/pages\/1256","targetHints":{"allow":["GET"]}}],"collection":[{"href":"https:\/\/www.evoluscience.fr\/index.php\/wp-json\/wp\/v2\/pages"}],"about":[{"href":"https:\/\/www.evoluscience.fr\/index.php\/wp-json\/wp\/v2\/types\/page"}],"author":[{"embeddable":true,"href":"https:\/\/www.evoluscience.fr\/index.php\/wp-json\/wp\/v2\/users\/1"}],"replies":[{"embeddable":true,"href":"https:\/\/www.evoluscience.fr\/index.php\/wp-json\/wp\/v2\/comments?post=1256"}],"version-history":[{"count":0,"href":"https:\/\/www.evoluscience.fr\/index.php\/wp-json\/wp\/v2\/pages\/1256\/revisions"}],"up":[{"embeddable":true,"href":"https:\/\/www.evoluscience.fr\/index.php\/wp-json\/wp\/v2\/pages\/1249"}],"wp:attachment":[{"href":"https:\/\/www.evoluscience.fr\/index.php\/wp-json\/wp\/v2\/media?parent=1256"}],"curies":[{"name":"wp","href":"https:\/\/api.w.org\/{rel}","templated":true}]}}