{"id":1238,"date":"2019-09-30T22:13:10","date_gmt":"2019-09-30T20:13:10","guid":{"rendered":"http:\/\/evoluscience.fr\/?page_id=1238"},"modified":"2022-10-06T21:06:18","modified_gmt":"2022-10-06T19:06:18","slug":"capsules","status":"publish","type":"page","link":"https:\/\/www.evoluscience.fr\/index.php\/cycle-4\/troisieme-2\/troisieme\/chapitre-2-communication-a-long-terme-entre-les-organes\/activite-4\/capsules\/","title":{"rendered":"Capsules"},"content":{"rendered":"<div id=\"modal-ready\">\n<div id=\"wp-block-themeisle-blocks-advanced-columns-29a8b31c\" class=\"wp-block-themeisle-blocks-advanced-columns has-1-columns has-desktop-equal-layout has-tablet-equal-layout has-mobile-equal-layout has-vertical-unset\"><div class=\"wp-block-themeisle-blocks-advanced-columns-overlay\"><\/div><div class=\"innerblocks-wrap\">\n<div id=\"wp-block-themeisle-blocks-advanced-column-9087dfea\" class=\"wp-block-themeisle-blocks-advanced-column\">\n<p> Regarder les vid\u00e9os et r\u00e9aliser un r\u00e9sum\u00e9 de 3-4 phrases .(Pour Chp3Act1) (Rappel des ann\u00e9es pr\u00e9c\u00e9dentes)<\/p>\n\n\n\n<p><a href=\"http:\/\/education.francetv.fr\/matiere\/decouverte-des-sciences\/cp\/video\/c-est-quoi-la-difference-entre-un-virus-et-une-bacterie-professeur-gamberge?xtmc=bacterie&amp;xtnp=1&amp;xtcr=8\" target=\"_blank\" rel=\"noreferrer noopener\" aria-label=\"Vid\u00e9o comparant les virus et les bact\u00e9ries (s\u2019ouvre dans un nouvel onglet)\">Vid\u00e9o comparant les virus et les bact\u00e9ries<\/a><\/p>\n\n\n\n<figure class=\"wp-block-embed is-type-video is-provider-youtube wp-block-embed-youtube wp-embed-aspect-16-9 wp-has-aspect-ratio\"><div class=\"wp-block-embed__wrapper\">\n<iframe loading=\"lazy\" title=\"Flore intestinale, ob\u00e9sit\u00e9, risques cardio-m\u00e9taboliques\" width=\"1170\" height=\"658\" src=\"https:\/\/www.youtube.com\/embed\/chQtQnLRXVg?feature=oembed\" frameborder=\"0\" allow=\"accelerometer; autoplay; clipboard-write; encrypted-media; gyroscope; picture-in-picture\" allowfullscreen><\/iframe>\n<\/div><\/figure>\n\n\n\n<div style=\"height:81px\" aria-hidden=\"true\" class=\"wp-block-spacer\"><\/div>\n\n\n\n<p class=\"has-text-align-center\">+<\/p>\n\n\n\n<div style=\"height:56px\" aria-hidden=\"true\" class=\"wp-block-spacer\"><\/div>\n\n\n\n<p>A partir de la vid\u00e9o et d\u2019une analyse sanguine, d\u00e9terminer la composition du sang et l\u2019ensemble de cellules responsables de la r\u00e9ponse immunitaire. (Pour Chp3Act2)<\/p>\n\n\n\n<p><a href=\"http:\/\/education.francetv.fr\/matiere\/sciences-de-la-vie-et-de-la-terre\/cinquieme\/video\/la-composition-du-sang?xtmc=bacterie&amp;xtnp=1&amp;xtcr=13\">Vid\u00e9o concernant la composition du sang<\/a><\/p>\n\n\n<a href=\"https:\/\/www.evoluscience.fr\/wp-content\/uploads\/2022\/10\/3-PC-Chp3Act2-Capsule.pdf\" class=\"pdfemb-viewer\" style=\"\" data-width=\"max\" data-height=\"max\" data-toolbar=\"top\" data-toolbar-fixed=\"off\">3-PC-Chp3Act2-Capsule<\/a>\n<p class=\"wp-block-pdfemb-pdf-embedder-viewer\"><\/p>\n\n\n\n<div style=\"height:100px\" aria-hidden=\"true\" class=\"wp-block-spacer\"><\/div>\n\n\n\n<p class=\"has-text-align-center\">+<\/p>\n\n\n\n<div style=\"height:100px\" aria-hidden=\"true\" class=\"wp-block-spacer\"><\/div>\n\n\n\n<p>A partir d\u2019un site internet, indiquer les cellules et organes du syst\u00e8me immunitaire en compl\u00e9tant le tableau<strong><em>.<\/em><\/strong> (Pour Chp3Act2)<\/p>\n\n\n\n<p><a href=\"http:\/\/acces.ens-lyon.fr\/acces\/ressources\/immunite-et-vaccination\/cellules-immunes-et-organes-lymphoides\/fiches-organes-et-tissus-lymphoides\/les-organes-lymphoides\/\">ENS Lyon &#8211; Les cellules et les organes du syst\u00e8me immunitaire<\/a><\/p>\n\n\n\n<figure class=\"wp-block-image\"><img loading=\"lazy\" decoding=\"async\" width=\"867\" height=\"219\" src=\"http:\/\/evoluscience.fr\/wp-content\/uploads\/2019\/12\/image-1.png\" alt=\"\" class=\"wp-image-2897\" srcset=\"https:\/\/www.evoluscience.fr\/wp-content\/uploads\/2019\/12\/image-1.png 867w, https:\/\/www.evoluscience.fr\/wp-content\/uploads\/2019\/12\/image-1-300x76.png 300w, https:\/\/www.evoluscience.fr\/wp-content\/uploads\/2019\/12\/image-1-768x194.png 768w, https:\/\/www.evoluscience.fr\/wp-content\/uploads\/2019\/12\/image-1-520x131.png 520w, https:\/\/www.evoluscience.fr\/wp-content\/uploads\/2019\/12\/image-1-740x187.png 740w\" sizes=\"auto, (max-width: 867px) 100vw, 867px\" \/><\/figure>\n<\/div>\n<\/div><\/div>\n<\/div>","protected":false},"excerpt":{"rendered":"","protected":false},"author":1,"featured_media":0,"parent":1229,"menu_order":4,"comment_status":"closed","ping_status":"closed","template":"","meta":{"om_disable_all_campaigns":false,"_monsterinsights_skip_tracking":false,"_monsterinsights_sitenote_active":false,"_monsterinsights_sitenote_note":"","_monsterinsights_sitenote_category":0,"_themeisle_gutenberg_block_has_review":false,"footnotes":""},"c2tw_page_folder":[],"class_list":["post-1238","page","type-page","status-publish","hentry"],"aioseo_notices":[],"_links":{"self":[{"href":"https:\/\/www.evoluscience.fr\/index.php\/wp-json\/wp\/v2\/pages\/1238","targetHints":{"allow":["GET"]}}],"collection":[{"href":"https:\/\/www.evoluscience.fr\/index.php\/wp-json\/wp\/v2\/pages"}],"about":[{"href":"https:\/\/www.evoluscience.fr\/index.php\/wp-json\/wp\/v2\/types\/page"}],"author":[{"embeddable":true,"href":"https:\/\/www.evoluscience.fr\/index.php\/wp-json\/wp\/v2\/users\/1"}],"replies":[{"embeddable":true,"href":"https:\/\/www.evoluscience.fr\/index.php\/wp-json\/wp\/v2\/comments?post=1238"}],"version-history":[{"count":1,"href":"https:\/\/www.evoluscience.fr\/index.php\/wp-json\/wp\/v2\/pages\/1238\/revisions"}],"predecessor-version":[{"id":7716,"href":"https:\/\/www.evoluscience.fr\/index.php\/wp-json\/wp\/v2\/pages\/1238\/revisions\/7716"}],"up":[{"embeddable":true,"href":"https:\/\/www.evoluscience.fr\/index.php\/wp-json\/wp\/v2\/pages\/1229"}],"wp:attachment":[{"href":"https:\/\/www.evoluscience.fr\/index.php\/wp-json\/wp\/v2\/media?parent=1238"}],"wp:term":[{"taxonomy":"c2tw_page_folder","embeddable":true,"href":"https:\/\/www.evoluscience.fr\/index.php\/wp-json\/wp\/v2\/c2tw_page_folder?post=1238"}],"curies":[{"name":"wp","href":"https:\/\/api.w.org\/{rel}","templated":true}]}}