{"id":12317,"date":"2025-08-30T19:11:06","date_gmt":"2025-08-30T17:11:06","guid":{"rendered":"https:\/\/www.evoluscience.fr\/?page_id=12317"},"modified":"2025-09-24T16:53:14","modified_gmt":"2025-09-24T14:53:14","slug":"chapitre-1","status":"publish","type":"page","link":"https:\/\/www.evoluscience.fr\/index.php\/sixieme\/partie-1\/chapitre-1\/","title":{"rendered":"Chapitre 1 &#8211; Observation de la vie sur Terre"},"content":{"rendered":"\n<p><em>En arrivant sur Terre, les extraterrestres seraient \u00e9tonn\u00e9s de d\u00e9couvrir de la vie. Avant tout, ils r\u00e9aliseraient une phase d\u2019observation.<\/em><\/p>\n\n\n\n<p class=\"has-vivid-green-cyan-color has-text-color has-link-color wp-elements-e75b8ef00bda11f644a1a584157bcea7\">Comment est organis\u00e9e la Vie sur Terre&nbsp;?<\/p>\n\n\n\n<div style=\"height:67px\" aria-hidden=\"true\" class=\"wp-block-spacer\"><\/div>\n\n\n\n<p><a href=\"https:\/\/www.evoluscience.fr\/index.php\/sixieme\/partie-1\/chapitre-1\/activite-1\/\" target=\"_blank\" rel=\"noopener\" title=\"\">Activit\u00e9 1 &#8211; Quels \u00eatres vivants peut-on trouver dans la nature&nbsp;? <\/a><\/p>\n\n\n\n<p><a href=\"https:\/\/www.evoluscience.fr\/index.php\/sixieme\/partie-1\/chapitre-1\/activite-2\/\" target=\"_blank\" rel=\"noopener\" title=\"\">Activit\u00e9 2 &#8211; Comment classer les \u00eatres vivants&nbsp;?<\/a><\/p>\n\n\n\n<p><a href=\"https:\/\/www.evoluscience.fr\/index.php\/sixieme\/partie-1\/chapitre-1\/activite-3\/\" target=\"_blank\" rel=\"noopener\" title=\"\">Activit\u00e9 3 &#8211; Quels sont les liens de parent\u00e9 entre les \u00eatres vivants\u00a0?<\/a><\/p>\n\n\n\n<p><a href=\"https:\/\/www.evoluscience.fr\/index.php\/sixieme\/partie-1\/chapitre-1\/activite-4\/\" target=\"_blank\" rel=\"noopener\" title=\"\">Activit\u00e9 4 &#8211; Comment sont organis\u00e9s les animaux&nbsp;? <\/a><\/p>\n\n\n\n<p><a href=\"https:\/\/www.evoluscience.fr\/index.php\/sixieme\/partie-1\/chapitre-1\/activite-5\/\" target=\"_blank\" rel=\"noopener\" title=\"\">Activit\u00e9 5 &#8211; Comment sont organis\u00e9s les v\u00e9g\u00e9taux&nbsp;? <\/a><\/p>\n\n\n\n<p><a href=\"https:\/\/www.evoluscience.fr\/index.php\/sixieme\/partie-1\/chapitre-1\/activite-6\/\" target=\"_blank\" rel=\"noopener\" title=\"\">Activit\u00e9 6 &#8211; Quelles esp\u00e8ces vivaient par le pass\u00e9&nbsp;?<\/a><\/p>\n\n\n\n<p><a href=\"https:\/\/www.evoluscience.fr\/index.php\/sixieme\/partie-1\/chapitre-1\/activite-7\/\" target=\"_blank\" rel=\"noopener\" title=\"\">Activit\u00e9 7 &#8211; Quelles esp\u00e8ces vivent et vivaient vers le Sud de la France&nbsp;?<\/a><\/p>\n\n\n\n<p><a href=\"https:\/\/www.evoluscience.fr\/index.php\/sixieme\/partie-1\/chapitre-1\/activite-8\/\" target=\"_blank\" rel=\"noopener\" title=\"\">Activit\u00e9 8 &#8211; Comment \u00e9volue la biodiversit\u00e9 depuis l\u2019apparition de la vie?<\/a><\/p>\n\n\n\n<p><a href=\"https:\/\/www.evoluscience.fr\/index.php\/sixieme\/partie-1\/chapitre-1\/activite-9\/\" target=\"_blank\" rel=\"noopener\" title=\"\">Activit\u00e9 9 &#8211; Exercices d\u2019approfondissement<\/a><\/p>\n","protected":false},"excerpt":{"rendered":"<p>En arrivant sur Terre, les extraterrestres seraient \u00e9tonn\u00e9s de d\u00e9couvrir de la vie. Avant tout, ils r\u00e9aliseraient une phase d\u2019observation. Comment est organis\u00e9e la Vie sur Terre&nbsp;? Activit\u00e9 1 &#8211; Quels \u00eatres vivants peut-on trouver<a class=\"read-more\" href=\"https:\/\/www.evoluscience.fr\/index.php\/sixieme\/partie-1\/chapitre-1\/\">Continue reading<\/a><\/p>\n","protected":false},"author":1,"featured_media":0,"parent":12307,"menu_order":1,"comment_status":"closed","ping_status":"closed","template":"","meta":{"_monsterinsights_skip_tracking":false,"_monsterinsights_sitenote_active":false,"_monsterinsights_sitenote_note":"","_monsterinsights_sitenote_category":0,"_themeisle_gutenberg_block_has_review":false,"footnotes":""},"class_list":["post-12317","page","type-page","status-publish","hentry"],"_links":{"self":[{"href":"https:\/\/www.evoluscience.fr\/index.php\/wp-json\/wp\/v2\/pages\/12317","targetHints":{"allow":["GET"]}}],"collection":[{"href":"https:\/\/www.evoluscience.fr\/index.php\/wp-json\/wp\/v2\/pages"}],"about":[{"href":"https:\/\/www.evoluscience.fr\/index.php\/wp-json\/wp\/v2\/types\/page"}],"author":[{"embeddable":true,"href":"https:\/\/www.evoluscience.fr\/index.php\/wp-json\/wp\/v2\/users\/1"}],"replies":[{"embeddable":true,"href":"https:\/\/www.evoluscience.fr\/index.php\/wp-json\/wp\/v2\/comments?post=12317"}],"version-history":[{"count":0,"href":"https:\/\/www.evoluscience.fr\/index.php\/wp-json\/wp\/v2\/pages\/12317\/revisions"}],"up":[{"embeddable":true,"href":"https:\/\/www.evoluscience.fr\/index.php\/wp-json\/wp\/v2\/pages\/12307"}],"wp:attachment":[{"href":"https:\/\/www.evoluscience.fr\/index.php\/wp-json\/wp\/v2\/media?parent=12317"}],"curies":[{"name":"wp","href":"https:\/\/api.w.org\/{rel}","templated":true}]}}