{"id":1229,"date":"2019-09-30T22:05:45","date_gmt":"2019-09-30T20:05:45","guid":{"rendered":"http:\/\/evoluscience.fr\/?page_id=1229"},"modified":"2022-10-06T21:01:01","modified_gmt":"2022-10-06T19:01:01","slug":"activite-4","status":"publish","type":"page","link":"https:\/\/www.evoluscience.fr\/index.php\/cycle-4\/troisieme-2\/troisieme\/chapitre-2-communication-a-long-terme-entre-les-organes\/activite-4\/","title":{"rendered":"Activit\u00e9 4"},"content":{"rendered":"\n<div id=\"wp-block-themeisle-blocks-advanced-columns-06eda5f9\" class=\"wp-block-themeisle-blocks-advanced-columns has-1-columns has-desktop-equal-layout has-tablet-equal-layout has-mobile-equal-layout has-vertical-unset\"><div class=\"wp-block-themeisle-blocks-advanced-columns-overlay\"><\/div><div class=\"innerblocks-wrap\">\n<div id=\"wp-block-themeisle-blocks-advanced-column-132e88a0\" class=\"wp-block-themeisle-blocks-advanced-column\">\n<p><iframe loading=\"lazy\" src=\"https:\/\/anchor.fm\/laure-emilie-verkest\/embed\/episodes\/3-PC-Chp2Act4-ek175i\/a-a57pl6\" height=\"102px\" width=\"400px\" frameborder=\"0\" scrolling=\"no\"><\/iframe><\/p>\n\n\n\n<div style=\"height:100px\" aria-hidden=\"true\" class=\"wp-block-spacer\"><\/div>\n\n\n\n<p><em>Nous avons remarqu\u00e9 que la r\u00e9gulation hormonale est une affaire de pr\u00e9cision. Le fonctionnement des organes est donc stable et r\u00e9gulier. Mais si cela n\u2019est pas le cas&nbsp;?<\/em><\/p>\n\n\n\n<div style=\"height:100px\" aria-hidden=\"true\" class=\"wp-block-spacer\"><\/div>\n\n\n\n<p class=\"has-vivid-red-color has-text-color has-large-font-size\">III. <strong>La perturbation de la communication hormonale<\/strong><\/p>\n\n\n\n<div style=\"height:55px\" aria-hidden=\"true\" class=\"wp-block-spacer\"><\/div>\n\n\n\n<p class=\"has-vivid-green-cyan-color has-text-color\"><strong>Comment une perturbation de la\ncommunication hormonale peut-elle entra\u00eener un probl\u00e8me de sant\u00e9&nbsp;?<\/strong><\/p>\n\n\n\n<div style=\"height:56px\" aria-hidden=\"true\" class=\"wp-block-spacer\"><\/div>\n\n\n\n<p class=\"has-background\" style=\"background-color:#ffe1c2\">Activit\u00e9 4&nbsp;: A partir d\u2019un document traitant du diab\u00e8te, expliquer sous forme d\u2019un sch\u00e9ma fonctionnel montrant la relation entre l\u2019organe producteur de l\u2019hormone et le ou les organe(s)-cible(s) .<\/p>\n\n\n\n<div style=\"height:65px\" aria-hidden=\"true\" class=\"wp-block-spacer\"><\/div>\n\n\n\n<p><em>Comp\u00e9tences travaill\u00e9es&nbsp;:<\/em><\/p>\n\n\n\n<ul class=\"wp-block-list\"><li><em>Traduire les informations par un sch\u00e9ma<\/em><\/li><li><em>Planifier un travail en groupe (bin\u00f4me)<\/em><\/li><\/ul>\n\n\n\n<div style=\"height:71px\" aria-hidden=\"true\" class=\"wp-block-spacer\"><\/div>\n\n\n<a href=\"https:\/\/www.evoluscience.fr\/wp-content\/uploads\/2022\/10\/3-PC-Chp2Act4-Fiche-activite.pdf\" class=\"pdfemb-viewer\" style=\"\" data-width=\"max\" data-height=\"max\" data-toolbar=\"top\" data-toolbar-fixed=\"off\">3-PC-Chp2Act4-Fiche-activite<\/a>\n<p class=\"wp-block-pdfemb-pdf-embedder-viewer\"><\/p>\n\n\n\n<div style=\"height:57px\" aria-hidden=\"true\" class=\"wp-block-spacer\"><\/div>\n\n\n<div class=\"wp-block-image\">\n<figure class=\"aligncenter is-resized\"><a href=\"http:\/\/evoluscience.fr\/index.php\/cycle-4\/troisieme-2\/troisieme\/chapitre-2-communication-a-long-terme-entre-les-organes\/activite-4\/conclusion\/\" target=\"_blank\" rel=\"noreferrer noopener\"><img loading=\"lazy\" decoding=\"async\" src=\"http:\/\/evoluscience.fr\/wp-content\/uploads\/2019\/09\/conclusion.png\" alt=\"\" class=\"wp-image-370\" width=\"354\" height=\"354\" srcset=\"https:\/\/www.evoluscience.fr\/wp-content\/uploads\/2019\/09\/conclusion.png 538w, https:\/\/www.evoluscience.fr\/wp-content\/uploads\/2019\/09\/conclusion-150x150.png 150w, https:\/\/www.evoluscience.fr\/wp-content\/uploads\/2019\/09\/conclusion-300x300.png 300w, https:\/\/www.evoluscience.fr\/wp-content\/uploads\/2019\/09\/conclusion-520x520.png 520w\" sizes=\"auto, (max-width: 354px) 100vw, 354px\" \/><\/a><\/figure>\n<\/div>\n\n<div class=\"wp-block-image\">\n<figure class=\"aligncenter is-resized\"><a href=\"http:\/\/evoluscience.fr\/index.php\/cycle-4\/troisieme-2\/troisieme\/chapitre-2-communication-a-long-terme-entre-les-organes\/activite-4\/devoir\/\" target=\"_blank\" rel=\"noreferrer noopener\"><img loading=\"lazy\" decoding=\"async\" src=\"http:\/\/evoluscience.fr\/wp-content\/uploads\/2019\/09\/devoirs.png\" alt=\"\" class=\"wp-image-428\" width=\"290\" height=\"290\" srcset=\"https:\/\/www.evoluscience.fr\/wp-content\/uploads\/2019\/09\/devoirs.png 538w, https:\/\/www.evoluscience.fr\/wp-content\/uploads\/2019\/09\/devoirs-150x150.png 150w, https:\/\/www.evoluscience.fr\/wp-content\/uploads\/2019\/09\/devoirs-300x300.png 300w, https:\/\/www.evoluscience.fr\/wp-content\/uploads\/2019\/09\/devoirs-520x520.png 520w\" sizes=\"auto, (max-width: 290px) 100vw, 290px\" \/><\/a><\/figure>\n<\/div>\n\n<div class=\"wp-block-image\">\n<figure class=\"aligncenter is-resized\"><a href=\"http:\/\/evoluscience.fr\/index.php\/cycle-4\/troisieme-2\/troisieme\/chapitre-2-communication-a-long-terme-entre-les-organes\/activite-4\/capsules\/\" target=\"_blank\" rel=\"noreferrer noopener\"><img loading=\"lazy\" decoding=\"async\" src=\"http:\/\/evoluscience.fr\/wp-content\/uploads\/2019\/09\/capsule.png\" alt=\"\" class=\"wp-image-427\" width=\"306\" height=\"306\" srcset=\"https:\/\/www.evoluscience.fr\/wp-content\/uploads\/2019\/09\/capsule.png 538w, https:\/\/www.evoluscience.fr\/wp-content\/uploads\/2019\/09\/capsule-150x150.png 150w, https:\/\/www.evoluscience.fr\/wp-content\/uploads\/2019\/09\/capsule-300x300.png 300w, https:\/\/www.evoluscience.fr\/wp-content\/uploads\/2019\/09\/capsule-520x520.png 520w\" sizes=\"auto, (max-width: 306px) 100vw, 306px\" \/><\/a><\/figure>\n<\/div>\n\n<div class=\"wp-block-image\">\n<figure class=\"aligncenter is-resized\"><a href=\"http:\/\/evoluscience.fr\/index.php\/cycle-4\/troisieme-2\/troisieme\/chapitre-2-communication-a-long-terme-entre-les-organes\/activite-4\/learning-apps\/\" target=\"_blank\" rel=\"noreferrer noopener\"><img loading=\"lazy\" decoding=\"async\" src=\"http:\/\/evoluscience.fr\/wp-content\/uploads\/2019\/09\/learning-apps.jpg\" alt=\"\" class=\"wp-image-431\" width=\"224\" height=\"225\" srcset=\"https:\/\/www.evoluscience.fr\/wp-content\/uploads\/2019\/09\/learning-apps.jpg 499w, https:\/\/www.evoluscience.fr\/wp-content\/uploads\/2019\/09\/learning-apps-150x150.jpg 150w, https:\/\/www.evoluscience.fr\/wp-content\/uploads\/2019\/09\/learning-apps-298x300.jpg 298w\" sizes=\"auto, (max-width: 224px) 100vw, 224px\" \/><\/a><\/figure>\n<\/div>\n\n\n<figure class=\"wp-block-image size-large\"><a href=\"https:\/\/evoluscience.fr\/wp-content\/uploads\/2020\/03\/3-PC-Chp2Act4-FC.pdf\" target=\"_blank\" rel=\"noopener noreferrer\"><img loading=\"lazy\" decoding=\"async\" width=\"735\" height=\"735\" src=\"https:\/\/evoluscience.fr\/wp-content\/uploads\/2020\/03\/pjiece_jointe-1.png\" alt=\"\" class=\"wp-image-4366\" srcset=\"https:\/\/www.evoluscience.fr\/wp-content\/uploads\/2020\/03\/pjiece_jointe-1.png 735w, https:\/\/www.evoluscience.fr\/wp-content\/uploads\/2020\/03\/pjiece_jointe-1-300x300.png 300w, https:\/\/www.evoluscience.fr\/wp-content\/uploads\/2020\/03\/pjiece_jointe-1-150x150.png 150w, https:\/\/www.evoluscience.fr\/wp-content\/uploads\/2020\/03\/pjiece_jointe-1-520x520.png 520w\" sizes=\"auto, (max-width: 735px) 100vw, 735px\" \/><\/a><\/figure>\n<\/div>\n<\/div><\/div>\n","protected":false},"excerpt":{"rendered":"","protected":false},"author":1,"featured_media":0,"parent":1191,"menu_order":5,"comment_status":"closed","ping_status":"closed","template":"","meta":{"_monsterinsights_skip_tracking":false,"_monsterinsights_sitenote_active":false,"_monsterinsights_sitenote_note":"","_monsterinsights_sitenote_category":0,"_themeisle_gutenberg_block_has_review":false,"footnotes":""},"class_list":["post-1229","page","type-page","status-publish","hentry"],"_links":{"self":[{"href":"https:\/\/www.evoluscience.fr\/index.php\/wp-json\/wp\/v2\/pages\/1229","targetHints":{"allow":["GET"]}}],"collection":[{"href":"https:\/\/www.evoluscience.fr\/index.php\/wp-json\/wp\/v2\/pages"}],"about":[{"href":"https:\/\/www.evoluscience.fr\/index.php\/wp-json\/wp\/v2\/types\/page"}],"author":[{"embeddable":true,"href":"https:\/\/www.evoluscience.fr\/index.php\/wp-json\/wp\/v2\/users\/1"}],"replies":[{"embeddable":true,"href":"https:\/\/www.evoluscience.fr\/index.php\/wp-json\/wp\/v2\/comments?post=1229"}],"version-history":[{"count":0,"href":"https:\/\/www.evoluscience.fr\/index.php\/wp-json\/wp\/v2\/pages\/1229\/revisions"}],"up":[{"embeddable":true,"href":"https:\/\/www.evoluscience.fr\/index.php\/wp-json\/wp\/v2\/pages\/1191"}],"wp:attachment":[{"href":"https:\/\/www.evoluscience.fr\/index.php\/wp-json\/wp\/v2\/media?parent=1229"}],"curies":[{"name":"wp","href":"https:\/\/api.w.org\/{rel}","templated":true}]}}