{"id":12117,"date":"2025-08-22T14:29:33","date_gmt":"2025-08-22T12:29:33","guid":{"rendered":"https:\/\/www.evoluscience.fr\/?page_id=12117"},"modified":"2026-03-30T20:52:09","modified_gmt":"2026-03-30T18:52:09","slug":"sixieme","status":"publish","type":"page","link":"https:\/\/www.evoluscience.fr\/index.php\/sixieme\/","title":{"rendered":"Sixi\u00e8me"},"content":{"rendered":"<div id=\"modal-ready\">\n<p>Le programme de Sciences sera \u00e9tudi\u00e9 quatre parties dont l&rsquo;objectif est principalement cette ann\u00e9e de d\u00e9couvrir ce qui nous entoure et ce qu&rsquo;il y a en nous.<\/p>\n\n\n\n<p>Le programme de cette ann\u00e9e cl\u00f4ture le programme du cycle 3.<\/p>\n\n\n\n<div style=\"height:100px\" aria-hidden=\"true\" class=\"wp-block-spacer\"><\/div>\n\n\n\n<p>S\u00e9lectionner une des ic\u00f4nes pour acc\u00e9der au cours.<\/p>\n\n\n\n<div style=\"height:100px\" aria-hidden=\"true\" class=\"wp-block-spacer\"><\/div>\n\n\n\n<p><strong>Parties du programme :<\/strong><\/p>\n\n\n\n<p><\/p>\n\n\n\n<p><\/p>\n\n\n\n<div class=\"wp-block-media-text is-stacked-on-mobile\" style=\"grid-template-columns:39% auto\"><figure class=\"wp-block-media-text__media\"><a href=\"https:\/\/www.evoluscience.fr\/index.php\/sixieme\/partie-1\/\" target=\"_blank\" rel=\"https:\/\/www.evoluscience.fr\/index.php\/sixieme\/partie-1\/ noreferrer noopener\"><img loading=\"lazy\" decoding=\"async\" width=\"600\" height=\"600\" src=\"https:\/\/www.evoluscience.fr\/wp-content\/uploads\/2025\/08\/6-plante.jpg\" alt=\"\" class=\"wp-image-12249 size-full\" srcset=\"https:\/\/www.evoluscience.fr\/wp-content\/uploads\/2025\/08\/6-plante.jpg 600w, https:\/\/www.evoluscience.fr\/wp-content\/uploads\/2025\/08\/6-plante-300x300.jpg 300w, https:\/\/www.evoluscience.fr\/wp-content\/uploads\/2025\/08\/6-plante-150x150.jpg 150w, https:\/\/www.evoluscience.fr\/wp-content\/uploads\/2025\/08\/6-plante-520x520.jpg 520w\" sizes=\"auto, (max-width: 600px) 100vw, 600px\" \/><\/a><\/figure><div class=\"wp-block-media-text__content\">\n<p class=\"has-medium-font-size\"><a href=\"https:\/\/www.evoluscience.fr\/index.php\/sixieme\/partie-1\/\" target=\"_blank\" rel=\"noopener\" title=\"\">D\u00e9couverte de la Terre<\/a><\/p>\n<\/div><\/div>\n\n\n\n<p><\/p>\n\n\n\n<p><\/p>\n\n\n\n<div style=\"height:28px\" aria-hidden=\"true\" class=\"wp-block-spacer\"><\/div>\n\n\n\n<div class=\"wp-block-media-text is-stacked-on-mobile\" style=\"grid-template-columns:38% auto\"><figure class=\"wp-block-media-text__media\"><a href=\"https:\/\/www.evoluscience.fr\/index.php\/sixieme\/partie-2\/\" target=\"_blank\" rel=\" noreferrer noopener\"><img loading=\"lazy\" decoding=\"async\" width=\"600\" height=\"600\" src=\"https:\/\/www.evoluscience.fr\/wp-content\/uploads\/2025\/08\/6-solaire.jpg\" alt=\"\" class=\"wp-image-12251 size-full\" srcset=\"https:\/\/www.evoluscience.fr\/wp-content\/uploads\/2025\/08\/6-solaire.jpg 600w, https:\/\/www.evoluscience.fr\/wp-content\/uploads\/2025\/08\/6-solaire-300x300.jpg 300w, https:\/\/www.evoluscience.fr\/wp-content\/uploads\/2025\/08\/6-solaire-150x150.jpg 150w, https:\/\/www.evoluscience.fr\/wp-content\/uploads\/2025\/08\/6-solaire-520x520.jpg 520w\" sizes=\"auto, (max-width: 600px) 100vw, 600px\" \/><\/a><\/figure><div class=\"wp-block-media-text__content\">\n<p class=\"has-medium-font-size\"><a href=\"https:\/\/www.evoluscience.fr\/index.php\/sixieme\/partie-2\/\" target=\"_blank\" rel=\"noopener\" title=\"\">Formation des spationautes pour une exp\u00e9dition spatiale<\/a><\/p>\n<\/div><\/div>\n\n\n\n<div style=\"height:31px\" aria-hidden=\"true\" class=\"wp-block-spacer\"><\/div>\n\n\n\n<div class=\"wp-block-media-text is-stacked-on-mobile\" style=\"grid-template-columns:38% auto\"><figure class=\"wp-block-media-text__media\"><a href=\"https:\/\/www.evoluscience.fr\/index.php\/sixieme\/partie-3\/\" target=\"_blank\" rel=\" noreferrer noopener\"><img loading=\"lazy\" decoding=\"async\" width=\"600\" height=\"600\" src=\"https:\/\/www.evoluscience.fr\/wp-content\/uploads\/2025\/08\/caducee.jpg\" alt=\"\" class=\"wp-image-12252 size-full\" srcset=\"https:\/\/www.evoluscience.fr\/wp-content\/uploads\/2025\/08\/caducee.jpg 600w, https:\/\/www.evoluscience.fr\/wp-content\/uploads\/2025\/08\/caducee-300x300.jpg 300w, https:\/\/www.evoluscience.fr\/wp-content\/uploads\/2025\/08\/caducee-150x150.jpg 150w, https:\/\/www.evoluscience.fr\/wp-content\/uploads\/2025\/08\/caducee-520x520.jpg 520w\" sizes=\"auto, (max-width: 600px) 100vw, 600px\" \/><\/a><\/figure><div class=\"wp-block-media-text__content\">\n<p class=\"has-medium-font-size\"><a href=\"https:\/\/www.evoluscience.fr\/index.php\/sixieme\/partie-3\/\" target=\"_blank\" rel=\"noopener\" title=\"\">Pr\u00e9vention par les scientifiques encadrant les spationautes<\/a><\/p>\n<\/div><\/div>\n\n\n\n<p><\/p>\n\n\n\n<div style=\"height:28px\" aria-hidden=\"true\" class=\"wp-block-spacer\"><\/div>\n\n\n\n<p><\/p>\n\n\n\n<div class=\"wp-block-media-text is-stacked-on-mobile\" style=\"grid-template-columns:38% auto\"><figure class=\"wp-block-media-text__media\"><img loading=\"lazy\" decoding=\"async\" width=\"600\" height=\"600\" src=\"https:\/\/www.evoluscience.fr\/wp-content\/uploads\/2025\/08\/erlenmayer.jpg\" alt=\"\" class=\"wp-image-12253 size-full\" srcset=\"https:\/\/www.evoluscience.fr\/wp-content\/uploads\/2025\/08\/erlenmayer.jpg 600w, https:\/\/www.evoluscience.fr\/wp-content\/uploads\/2025\/08\/erlenmayer-300x300.jpg 300w, https:\/\/www.evoluscience.fr\/wp-content\/uploads\/2025\/08\/erlenmayer-150x150.jpg 150w, https:\/\/www.evoluscience.fr\/wp-content\/uploads\/2025\/08\/erlenmayer-520x520.jpg 520w\" sizes=\"auto, (max-width: 600px) 100vw, 600px\" \/><\/figure><div class=\"wp-block-media-text__content\">\n<p class=\"has-medium-font-size\">Pr\u00e9paration de la fus\u00e9e par les techniciens<\/p>\n<\/div><\/div>\n<\/div>","protected":false},"excerpt":{"rendered":"<p>Le programme de Sciences sera \u00e9tudi\u00e9 quatre parties dont l&rsquo;objectif est principalement cette ann\u00e9e de d\u00e9couvrir ce qui nous entoure et ce qu&rsquo;il y a en nous. Le programme de cette ann\u00e9e cl\u00f4ture le programme<a class=\"read-more\" href=\"https:\/\/www.evoluscience.fr\/index.php\/sixieme\/\">Continue reading<\/a><\/p>\n","protected":false},"author":1,"featured_media":0,"parent":0,"menu_order":0,"comment_status":"closed","ping_status":"closed","template":"","meta":{"om_disable_all_campaigns":false,"_monsterinsights_skip_tracking":false,"_monsterinsights_sitenote_active":false,"_monsterinsights_sitenote_note":"","_monsterinsights_sitenote_category":0,"_themeisle_gutenberg_block_has_review":false,"footnotes":""},"c2tw_page_folder":[],"class_list":["post-12117","page","type-page","status-publish","hentry"],"aioseo_notices":[],"_links":{"self":[{"href":"https:\/\/www.evoluscience.fr\/index.php\/wp-json\/wp\/v2\/pages\/12117","targetHints":{"allow":["GET"]}}],"collection":[{"href":"https:\/\/www.evoluscience.fr\/index.php\/wp-json\/wp\/v2\/pages"}],"about":[{"href":"https:\/\/www.evoluscience.fr\/index.php\/wp-json\/wp\/v2\/types\/page"}],"author":[{"embeddable":true,"href":"https:\/\/www.evoluscience.fr\/index.php\/wp-json\/wp\/v2\/users\/1"}],"replies":[{"embeddable":true,"href":"https:\/\/www.evoluscience.fr\/index.php\/wp-json\/wp\/v2\/comments?post=12117"}],"version-history":[{"count":0,"href":"https:\/\/www.evoluscience.fr\/index.php\/wp-json\/wp\/v2\/pages\/12117\/revisions"}],"wp:attachment":[{"href":"https:\/\/www.evoluscience.fr\/index.php\/wp-json\/wp\/v2\/media?parent=12117"}],"wp:term":[{"taxonomy":"c2tw_page_folder","embeddable":true,"href":"https:\/\/www.evoluscience.fr\/index.php\/wp-json\/wp\/v2\/c2tw_page_folder?post=12117"}],"curies":[{"name":"wp","href":"https:\/\/api.w.org\/{rel}","templated":true}]}}