{"id":1191,"date":"2019-09-30T21:36:26","date_gmt":"2019-09-30T19:36:26","guid":{"rendered":"http:\/\/evoluscience.fr\/?page_id=1191"},"modified":"2019-11-03T00:42:02","modified_gmt":"2019-11-02T23:42:02","slug":"chapitre-2-communication-a-long-terme-entre-les-organes","status":"publish","type":"page","link":"https:\/\/www.evoluscience.fr\/index.php\/cycle-4\/troisieme-2\/troisieme\/chapitre-2-communication-a-long-terme-entre-les-organes\/","title":{"rendered":"Chapitre 2 &#8211; Communication \u00e0 long terme entre les organes"},"content":{"rendered":"<div id=\"modal-ready\">\n<div class=\"wp-block-themeisle-blocks-advanced-columns has-1-columns has-desktop-equal-layout has-tablet-equal-layout has-mobile-equal-layout has-default-gap has-vertical-unset\" id=\"wp-block-themeisle-blocks-advanced-columns-0ea801b0\" style=\"border-width:0px;border-style:solid;border-color:#000000;border-radius:0px;justify-content:unset\"><div class=\"wp-themeisle-block-overlay\" style=\"opacity:0.5;mix-blend-mode:normal\"><\/div><div class=\"innerblocks-wrap\">\n<div class=\"wp-block-themeisle-blocks-advanced-column\" id=\"wp-block-themeisle-blocks-advanced-column-ca358909\" style=\"border-width:0px;border-style:solid;border-color:#000000;border-radius:0px\">\n<p class=\"has-drop-cap\"><em>Camille s\u2019interroge sur le terme\nde hormone du stress. Cela entra\u00eene sur action \u00e0 long terme dans l\u2019organisme\nmais la d\u00e9finition et le r\u00f4le des hormones restent flous pour elle.<\/em><\/p>\n\n\n\n<div style=\"height:31px\" aria-hidden=\"true\" class=\"wp-block-spacer\"><\/div>\n\n\n\n<p class=\"has-text-color has-vivid-green-cyan-color\"><strong>Comment la communication entre les organes est-elle possible sur le long terme&nbsp;?<\/strong><\/p>\n\n\n\n<div style=\"height:74px\" aria-hidden=\"true\" class=\"wp-block-spacer\"><\/div>\n\n\n\n<p><a href=\"http:\/\/evoluscience.fr\/index.php\/cycle-4\/troisieme-2\/troisieme\/chapitre-2-communication-a-long-terme-entre-les-organes\/activite-1\/\">Activit\u00e9 1 &#8211; Comment une communication peut-elle permettre le d\u00e9clenchement de la pubert\u00e9\u00a0?<\/a><\/p>\n\n\n\n<p><a href=\"http:\/\/evoluscience.fr\/index.php\/cycle-4\/troisieme-2\/troisieme\/chapitre-2-communication-a-long-terme-entre-les-organes\/activite-2\/\">Activit\u00e9 2 <\/a><\/p>\n\n\n\n<p><a href=\"http:\/\/evoluscience.fr\/index.php\/cycle-4\/troisieme-2\/troisieme\/chapitre-2-communication-a-long-terme-entre-les-organes\/activite-3\/\">Activit\u00e9 3 &#8211; Comment la communication hormonale permet-elle au corps de la femme de se pr\u00e9parer pour concevoir et accueillir la vie\u00a0?<\/a><\/p>\n\n\n\n<p><a href=\"http:\/\/evoluscience.fr\/index.php\/cycle-4\/troisieme-2\/troisieme\/chapitre-2-communication-a-long-terme-entre-les-organes\/activite-4\/\">Activit\u00e9 4 &#8211; Comment une perturbation de la communication hormonale peut-elle entra\u00eener un probl\u00e8me de sant\u00e9\u00a0?<\/a><\/p>\n\n\n\n<p><\/p>\n\n\n\n<p><\/p>\n<\/div>\n<\/div><\/div>\n<\/div>","protected":false},"excerpt":{"rendered":"","protected":false},"author":1,"featured_media":0,"parent":17,"menu_order":3,"comment_status":"closed","ping_status":"closed","template":"","meta":{"om_disable_all_campaigns":false,"_monsterinsights_skip_tracking":false,"_monsterinsights_sitenote_active":false,"_monsterinsights_sitenote_note":"","_monsterinsights_sitenote_category":0,"_themeisle_gutenberg_block_has_review":false,"footnotes":""},"c2tw_page_folder":[],"class_list":["post-1191","page","type-page","status-publish","hentry"],"aioseo_notices":[],"_links":{"self":[{"href":"https:\/\/www.evoluscience.fr\/index.php\/wp-json\/wp\/v2\/pages\/1191","targetHints":{"allow":["GET"]}}],"collection":[{"href":"https:\/\/www.evoluscience.fr\/index.php\/wp-json\/wp\/v2\/pages"}],"about":[{"href":"https:\/\/www.evoluscience.fr\/index.php\/wp-json\/wp\/v2\/types\/page"}],"author":[{"embeddable":true,"href":"https:\/\/www.evoluscience.fr\/index.php\/wp-json\/wp\/v2\/users\/1"}],"replies":[{"embeddable":true,"href":"https:\/\/www.evoluscience.fr\/index.php\/wp-json\/wp\/v2\/comments?post=1191"}],"version-history":[{"count":0,"href":"https:\/\/www.evoluscience.fr\/index.php\/wp-json\/wp\/v2\/pages\/1191\/revisions"}],"up":[{"embeddable":true,"href":"https:\/\/www.evoluscience.fr\/index.php\/wp-json\/wp\/v2\/pages\/17"}],"wp:attachment":[{"href":"https:\/\/www.evoluscience.fr\/index.php\/wp-json\/wp\/v2\/media?parent=1191"}],"wp:term":[{"taxonomy":"c2tw_page_folder","embeddable":true,"href":"https:\/\/www.evoluscience.fr\/index.php\/wp-json\/wp\/v2\/c2tw_page_folder?post=1191"}],"curies":[{"name":"wp","href":"https:\/\/api.w.org\/{rel}","templated":true}]}}