{"id":1053,"date":"2019-09-29T21:50:11","date_gmt":"2019-09-29T19:50:11","guid":{"rendered":"http:\/\/evoluscience.fr\/?page_id=1053"},"modified":"2019-11-03T00:24:04","modified_gmt":"2019-11-02T23:24:04","slug":"chapitre-1-hygiene-de-vie-au-quotidien","status":"publish","type":"page","link":"https:\/\/www.evoluscience.fr\/index.php\/cycle-4\/troisieme-2\/troisieme\/chapitre-1-hygiene-de-vie-au-quotidien\/","title":{"rendered":"Chapitre 1 &#8211; Hygi\u00e8ne de vie au quotidien"},"content":{"rendered":"<div id=\"modal-ready\">\n<div class=\"wp-block-themeisle-blocks-advanced-columns has-1-columns has-desktop-equal-layout has-tablet-equal-layout has-mobile-equal-layout has-default-gap has-vertical-unset\" id=\"wp-block-themeisle-blocks-advanced-columns-504e03ed\" style=\"border-width:0px;border-style:solid;border-color:#000000;border-radius:0px;justify-content:unset\"><div class=\"wp-themeisle-block-overlay\" style=\"opacity:0.5;mix-blend-mode:normal\"><\/div><div class=\"innerblocks-wrap\">\n<div class=\"wp-block-themeisle-blocks-advanced-column\" id=\"wp-block-themeisle-blocks-advanced-column-8404e307\" style=\"border-width:0px;border-style:solid;border-color:#000000;border-radius:0px\">\n<p class=\"has-drop-cap\"><em>Camille et Hugo souhaitent agir\nau fur et \u00e0 mesure et d\u00e9j\u00e0 comprendre ce qu\u2019ils peuvent faire au quotidien.<\/em><\/p>\n\n\n\n<figure class=\"wp-block-video\"><video height=\"360\" style=\"aspect-ratio: 640 \/ 360;\" width=\"640\" controls src=\"http:\/\/evoluscience.fr\/wp-content\/uploads\/2019\/09\/3-PC-Chp1AcT1.mov\"><\/video><\/figure>\n\n\n\n<p class=\"has-text-color has-vivid-green-cyan-color\"><strong>Comment pouvons-nous agir au quotidien pour am\u00e9liorer notre hygi\u00e8ne de vie et quelles en seront les cons\u00e9quences&nbsp;?<\/strong><\/p>\n\n\n\n<div style=\"height:78px\" aria-hidden=\"true\" class=\"wp-block-spacer\"><\/div>\n\n\n\n<p><a href=\"http:\/\/evoluscience.fr\/index.php\/cycle-4\/troisieme-2\/troisieme\/chapitre-1-hygiene-de-vie-au-quotidien\/activite-1\/\">Activit\u00e9 1 &#8211; Quels sont tous les \u00e9l\u00e9ments n\u00e9cessaires au bon fonctionnement des cellules de notre corps\u00a0?<\/a><\/p>\n\n\n\n<p><a href=\"http:\/\/evoluscience.fr\/index.php\/cycle-4\/troisieme-2\/troisieme\/chapitre-1-hygiene-de-vie-au-quotidien\/activite-2\/\">Activit\u00e9 2 &#8211; Comment ces \u00e9l\u00e9ments peuvent-ils \u00eatre apport\u00e9s aux cellules \u00e0 partir de l\u2019alimentation\u00a0?<\/a><\/p>\n\n\n\n<p><a href=\"http:\/\/evoluscience.fr\/index.php\/cycle-4\/troisieme-2\/troisieme\/chapitre-1-hygiene-de-vie-au-quotidien\/activite-3\/\">Activit\u00e9 3 &#8211; Comment changer ses habitudes alimentaires pour am\u00e9liorer le fonctionnement de son organisme\u00a0?<\/a><\/p>\n\n\n\n<p><a href=\"http:\/\/evoluscience.fr\/index.php\/cycle-4\/troisieme-2\/troisieme\/chapitre-1-hygiene-de-vie-au-quotidien\/activite-4\/\">Activit\u00e9 4 &#8211; Comment le sommeil peut-il aider \u00e0 am\u00e9liorer ses performances sportives\u00a0?<\/a><\/p>\n\n\n\n<p><a href=\"http:\/\/evoluscience.fr\/index.php\/cycle-4\/troisieme-2\/troisieme\/chapitre-1-hygiene-de-vie-au-quotidien\/activite-5\/\">Activit\u00e9 5 &#8211; Comment le sommeil peut-il aider \u00e0 am\u00e9liorer sa m\u00e9moire\u00a0?<\/a><\/p>\n\n\n\n<p><a href=\"http:\/\/evoluscience.fr\/index.php\/cycle-4\/troisieme-2\/troisieme\/chapitre-1-hygiene-de-vie-au-quotidien\/activite-6\/\">Activit\u00e9 6 &#8211; Quelle est l\u2019action du stress sur le fonctionnement de l\u2019organisme\u00a0?<\/a><\/p>\n\n\n\n<p><a href=\"http:\/\/evoluscience.fr\/index.php\/cycle-4\/troisieme-2\/troisieme\/chapitre-1-hygiene-de-vie-au-quotidien\/activite-7\/\">Activit\u00e9 7 &#8211; Comment peut-on g\u00e9rer le mauvais stress\u00a0?<\/a><\/p>\n<\/div>\n<\/div><\/div>\n<\/div>","protected":false},"excerpt":{"rendered":"","protected":false},"author":1,"featured_media":0,"parent":17,"menu_order":0,"comment_status":"closed","ping_status":"closed","template":"","meta":{"om_disable_all_campaigns":false,"_monsterinsights_skip_tracking":false,"_monsterinsights_sitenote_active":false,"_monsterinsights_sitenote_note":"","_monsterinsights_sitenote_category":0,"_themeisle_gutenberg_block_has_review":false,"footnotes":""},"c2tw_page_folder":[],"class_list":["post-1053","page","type-page","status-publish","hentry"],"aioseo_notices":[],"_links":{"self":[{"href":"https:\/\/www.evoluscience.fr\/index.php\/wp-json\/wp\/v2\/pages\/1053","targetHints":{"allow":["GET"]}}],"collection":[{"href":"https:\/\/www.evoluscience.fr\/index.php\/wp-json\/wp\/v2\/pages"}],"about":[{"href":"https:\/\/www.evoluscience.fr\/index.php\/wp-json\/wp\/v2\/types\/page"}],"author":[{"embeddable":true,"href":"https:\/\/www.evoluscience.fr\/index.php\/wp-json\/wp\/v2\/users\/1"}],"replies":[{"embeddable":true,"href":"https:\/\/www.evoluscience.fr\/index.php\/wp-json\/wp\/v2\/comments?post=1053"}],"version-history":[{"count":0,"href":"https:\/\/www.evoluscience.fr\/index.php\/wp-json\/wp\/v2\/pages\/1053\/revisions"}],"up":[{"embeddable":true,"href":"https:\/\/www.evoluscience.fr\/index.php\/wp-json\/wp\/v2\/pages\/17"}],"wp:attachment":[{"href":"https:\/\/www.evoluscience.fr\/index.php\/wp-json\/wp\/v2\/media?parent=1053"}],"wp:term":[{"taxonomy":"c2tw_page_folder","embeddable":true,"href":"https:\/\/www.evoluscience.fr\/index.php\/wp-json\/wp\/v2\/c2tw_page_folder?post=1053"}],"curies":[{"name":"wp","href":"https:\/\/api.w.org\/{rel}","templated":true}]}}