{"id":1034,"date":"2019-09-29T21:31:09","date_gmt":"2019-09-29T19:31:09","guid":{"rendered":"http:\/\/evoluscience.fr\/?page_id=1034"},"modified":"2025-02-10T20:14:52","modified_gmt":"2025-02-10T19:14:52","slug":"conclusion","status":"publish","type":"page","link":"https:\/\/www.evoluscience.fr\/index.php\/cycle-4\/quatrieme-2\/quatrieme\/chapitre-3-les-risques-infectieux-au-contact-de-lenvironnement\/activite-3\/conclusion\/","title":{"rendered":"Conclusion"},"content":{"rendered":"<div id=\"modal-ready\">\n<div id=\"wp-block-themeisle-blocks-advanced-columns-d6c7a3cf\" class=\"wp-block-themeisle-blocks-advanced-columns has-1-columns has-desktop-equal-layout has-tablet-equal-layout has-mobile-equal-layout has-vertical-unset\"><div class=\"wp-block-themeisle-blocks-advanced-columns-overlay\"><\/div><div class=\"innerblocks-wrap\">\n<div id=\"wp-block-themeisle-blocks-advanced-column-8c60fe8a\" class=\"wp-block-themeisle-blocks-advanced-column\">\n<p class=\"has-drop-cap has-vivid-red-color has-text-color\">Lors d\u2019une maladie caus\u00e9e par une infection bact\u00e9rienne, il est possible d\u2019utiliser des m\u00e9dicaments antibiotiques permettant d\u2019arr\u00eater la croissance, de percer la paroi ou de d\u00e9truire l&rsquo;ADN des bact\u00e9ries. Une forte utilisation des antibiotiques peut entra\u00eener une r\u00e9sistance des bact\u00e9ries.<\/p>\n\n\n\n<figure class=\"wp-block-image\"><img loading=\"lazy\" decoding=\"async\" width=\"535\" height=\"345\" src=\"http:\/\/evoluscience.fr\/wp-content\/uploads\/2019\/09\/4-PC-Chp3Act3-sch\u00e9ma.jpg\" alt=\"\" class=\"wp-image-797\" srcset=\"https:\/\/www.evoluscience.fr\/wp-content\/uploads\/2019\/09\/4-PC-Chp3Act3-sch\u00e9ma.jpg 535w, https:\/\/www.evoluscience.fr\/wp-content\/uploads\/2019\/09\/4-PC-Chp3Act3-sch\u00e9ma-300x193.jpg 300w, https:\/\/www.evoluscience.fr\/wp-content\/uploads\/2019\/09\/4-PC-Chp3Act3-sch\u00e9ma-520x335.jpg 520w\" sizes=\"auto, (max-width: 535px) 100vw, 535px\" \/><\/figure>\n<\/div>\n<\/div><\/div>\n<\/div>","protected":false},"excerpt":{"rendered":"","protected":false},"author":1,"featured_media":0,"parent":1029,"menu_order":0,"comment_status":"closed","ping_status":"closed","template":"","meta":{"om_disable_all_campaigns":false,"_monsterinsights_skip_tracking":false,"_monsterinsights_sitenote_active":false,"_monsterinsights_sitenote_note":"","_monsterinsights_sitenote_category":0,"_themeisle_gutenberg_block_has_review":false,"footnotes":""},"c2tw_page_folder":[],"class_list":["post-1034","page","type-page","status-publish","hentry"],"aioseo_notices":[],"_links":{"self":[{"href":"https:\/\/www.evoluscience.fr\/index.php\/wp-json\/wp\/v2\/pages\/1034","targetHints":{"allow":["GET"]}}],"collection":[{"href":"https:\/\/www.evoluscience.fr\/index.php\/wp-json\/wp\/v2\/pages"}],"about":[{"href":"https:\/\/www.evoluscience.fr\/index.php\/wp-json\/wp\/v2\/types\/page"}],"author":[{"embeddable":true,"href":"https:\/\/www.evoluscience.fr\/index.php\/wp-json\/wp\/v2\/users\/1"}],"replies":[{"embeddable":true,"href":"https:\/\/www.evoluscience.fr\/index.php\/wp-json\/wp\/v2\/comments?post=1034"}],"version-history":[{"count":0,"href":"https:\/\/www.evoluscience.fr\/index.php\/wp-json\/wp\/v2\/pages\/1034\/revisions"}],"up":[{"embeddable":true,"href":"https:\/\/www.evoluscience.fr\/index.php\/wp-json\/wp\/v2\/pages\/1029"}],"wp:attachment":[{"href":"https:\/\/www.evoluscience.fr\/index.php\/wp-json\/wp\/v2\/media?parent=1034"}],"wp:term":[{"taxonomy":"c2tw_page_folder","embeddable":true,"href":"https:\/\/www.evoluscience.fr\/index.php\/wp-json\/wp\/v2\/c2tw_page_folder?post=1034"}],"curies":[{"name":"wp","href":"https:\/\/api.w.org\/{rel}","templated":true}]}}