{"id":1023,"date":"2019-09-29T21:19:53","date_gmt":"2019-09-29T19:19:53","guid":{"rendered":"http:\/\/evoluscience.fr\/?page_id=1023"},"modified":"2019-09-29T21:19:54","modified_gmt":"2019-09-29T19:19:54","slug":"conclusion","status":"publish","type":"page","link":"https:\/\/www.evoluscience.fr\/index.php\/cycle-4\/quatrieme-2\/quatrieme\/chapitre-3-les-risques-infectieux-au-contact-de-lenvironnement\/activite-2\/conclusion\/","title":{"rendered":"Conclusion"},"content":{"rendered":"\n<div class=\"wp-block-themeisle-blocks-advanced-columns has-1-columns has-desktop-equal-layout has-tablet-equal-layout has-mobile-equal-layout has-default-gap has-vertical-unset\" id=\"wp-block-themeisle-blocks-advanced-columns-898438ea\" style=\"border-width:0px;border-style:solid;border-color:#000000;border-radius:0px;justify-content:unset\"><div class=\"wp-themeisle-block-overlay\" style=\"opacity:0.5;mix-blend-mode:normal\"><\/div><div class=\"innerblocks-wrap\">\n<div class=\"wp-block-themeisle-blocks-advanced-column\" id=\"wp-block-themeisle-blocks-advanced-column-c2effd16\" style=\"border-width:0px;border-style:solid;border-color:#000000;border-radius:0px\">\n<p class=\"has-text-color has-drop-cap has-vivid-red-color\">Pour\n\u00e9viter l\u2019entr\u00e9e de micro-organismes (bact\u00e9ries, virus, champignon) dans le\ncorps (=contamination) voire un d\u00e9veloppement de ces micro-organismes\n(=infection), il convient d\u2019utiliser diff\u00e9rentes m\u00e9thodes&nbsp;:<\/p>\n\n\n\n<p class=\"has-text-color has-vivid-red-color\">Les produits antiseptiques tuant les micro-organismes sur du tissu vivant comme une plaie.<\/p>\n\n\n\n<p class=\"has-text-color has-vivid-red-color\">Les d\u00e9sinfectants tuant les micro-organismes sur une surface inerte (solution temporaire).<\/p>\n\n\n\n<p class=\"has-text-color has-vivid-red-color\">Aseptie ou asepsie\u00a0: m\u00e9thode consistant \u00e0 \u00e9liminer les micro-organismes pathog\u00e8nes de l&rsquo;environnement pour \u00e9viter une contamination (st\u00e9rilisation\u2026).<\/p>\n\n\n\n<p class=\"has-text-color has-vivid-red-color\">Au niveau d\u2019une plaie, des produits antiseptiques permettent d\u2019\u00e9viter une inflammation (rougeur, douleur, gonflement et chaleur) montrant le d\u00e9veloppement des micro-organismes.<\/p>\n\n\n\n<figure class=\"wp-block-image\"><img loading=\"lazy\" decoding=\"async\" width=\"561\" height=\"387\" src=\"http:\/\/evoluscience.fr\/wp-content\/uploads\/2019\/09\/4-PC-Chp3Act2-sch\u00e9ma.jpg\" alt=\"\" class=\"wp-image-795\" srcset=\"https:\/\/www.evoluscience.fr\/wp-content\/uploads\/2019\/09\/4-PC-Chp3Act2-sch\u00e9ma.jpg 561w, https:\/\/www.evoluscience.fr\/wp-content\/uploads\/2019\/09\/4-PC-Chp3Act2-sch\u00e9ma-300x207.jpg 300w, https:\/\/www.evoluscience.fr\/wp-content\/uploads\/2019\/09\/4-PC-Chp3Act2-sch\u00e9ma-520x359.jpg 520w\" sizes=\"auto, (max-width: 561px) 100vw, 561px\" \/><\/figure>\n<\/div>\n<\/div><\/div>\n","protected":false},"excerpt":{"rendered":"","protected":false},"author":1,"featured_media":0,"parent":1019,"menu_order":0,"comment_status":"closed","ping_status":"closed","template":"","meta":{"_monsterinsights_skip_tracking":false,"_monsterinsights_sitenote_active":false,"_monsterinsights_sitenote_note":"","_monsterinsights_sitenote_category":0,"_themeisle_gutenberg_block_has_review":false,"footnotes":""},"class_list":["post-1023","page","type-page","status-publish","hentry"],"_links":{"self":[{"href":"https:\/\/www.evoluscience.fr\/index.php\/wp-json\/wp\/v2\/pages\/1023","targetHints":{"allow":["GET"]}}],"collection":[{"href":"https:\/\/www.evoluscience.fr\/index.php\/wp-json\/wp\/v2\/pages"}],"about":[{"href":"https:\/\/www.evoluscience.fr\/index.php\/wp-json\/wp\/v2\/types\/page"}],"author":[{"embeddable":true,"href":"https:\/\/www.evoluscience.fr\/index.php\/wp-json\/wp\/v2\/users\/1"}],"replies":[{"embeddable":true,"href":"https:\/\/www.evoluscience.fr\/index.php\/wp-json\/wp\/v2\/comments?post=1023"}],"version-history":[{"count":0,"href":"https:\/\/www.evoluscience.fr\/index.php\/wp-json\/wp\/v2\/pages\/1023\/revisions"}],"up":[{"embeddable":true,"href":"https:\/\/www.evoluscience.fr\/index.php\/wp-json\/wp\/v2\/pages\/1019"}],"wp:attachment":[{"href":"https:\/\/www.evoluscience.fr\/index.php\/wp-json\/wp\/v2\/media?parent=1023"}],"curies":[{"name":"wp","href":"https:\/\/api.w.org\/{rel}","templated":true}]}}